{"id":10078,"date":"2024-10-24T16:24:10","date_gmt":"2024-10-24T19:24:10","guid":{"rendered":"https:\/\/isoseg.com.br\/rastreador\/ja-sou-cliente-copy\/"},"modified":"2025-05-26T17:46:08","modified_gmt":"2025-05-26T20:46:08","slug":"sobre","status":"publish","type":"page","link":"https:\/\/isoseg.com.br\/rastreador\/sobre\/","title":{"rendered":"Sobre"},"content":{"rendered":"\t\t<div data-elementor-type=\"wp-page\" data-elementor-id=\"10078\" class=\"elementor elementor-10078\" data-elementor-post-type=\"page\">\n\t\t\t\t<div data-dce-background-overlay-color=\"#000000\" data-dce-background-image-url=\"https:\/\/isoseg.com.br\/rastreador\/wp-content\/uploads\/2024\/10\/BANNER-5.png\" class=\"elementor-element elementor-element-39a39a2 e-flex e-con-boxed e-con e-parent\" data-id=\"39a39a2\" data-element_type=\"container\" data-settings=\"{&quot;background_background&quot;:&quot;classic&quot;,&quot;background_motion_fx_motion_fx_mouse&quot;:&quot;yes&quot;,&quot;background_motion_fx_mouseTrack_effect&quot;:&quot;yes&quot;,&quot;background_motion_fx_mouseTrack_speed&quot;:{&quot;unit&quot;:&quot;px&quot;,&quot;size&quot;:1,&quot;sizes&quot;:[]}}\">\n\t\t\t\t\t<div class=\"e-con-inner\">\n\t\t<div class=\"elementor-element elementor-element-771a2bd e-con-full animated-slow e-flex elementor-invisible e-con e-child\" data-id=\"771a2bd\" data-element_type=\"container\" data-settings=\"{&quot;animation&quot;:&quot;zoomIn&quot;}\">\n\t\t\t\t<div class=\"elementor-element elementor-element-058e8cd elementor-widget__width-inherit elementor-widget elementor-widget-text-editor\" data-id=\"058e8cd\" data-element_type=\"widget\" data-widget_type=\"text-editor.default\">\n\t\t\t\t<div class=\"elementor-widget-container\">\n\t\t\t<style>\/*! elementor - v3.23.0 - 05-08-2024 *\/\n.elementor-widget-text-editor.elementor-drop-cap-view-stacked .elementor-drop-cap{background-color:#69727d;color:#fff}.elementor-widget-text-editor.elementor-drop-cap-view-framed .elementor-drop-cap{color:#69727d;border:3px solid;background-color:transparent}.elementor-widget-text-editor:not(.elementor-drop-cap-view-default) .elementor-drop-cap{margin-top:8px}.elementor-widget-text-editor:not(.elementor-drop-cap-view-default) .elementor-drop-cap-letter{width:1em;height:1em}.elementor-widget-text-editor .elementor-drop-cap{float:left;text-align:center;line-height:1;font-size:50px}.elementor-widget-text-editor .elementor-drop-cap-letter{display:inline-block}<\/style>\t\t\t\t<p>sobre<\/p>\t\t\t\t\t\t<\/div>\n\t\t\t\t<\/div>\n\t\t<div class=\"elementor-element elementor-element-e287ea0 e-con-full e-flex e-con e-child\" data-id=\"e287ea0\" data-element_type=\"container\">\n\t\t<div class=\"elementor-element elementor-element-1b1ae8c e-con-full e-flex e-con e-child\" data-id=\"1b1ae8c\" data-element_type=\"container\">\n\t\t\t\t<div class=\"elementor-element elementor-element-c7a3c59 elementor-view-default elementor-widget elementor-widget-icon\" data-id=\"c7a3c59\" data-element_type=\"widget\" data-widget_type=\"icon.default\">\n\t\t\t\t<div class=\"elementor-widget-container\">\n\t\t\t\t\t<div class=\"elementor-icon-wrapper\">\n\t\t\t<div class=\"elementor-icon\">\n\t\t\t<svg aria-hidden=\"true\" class=\"e-font-icon-svg e-fas-satellite\" viewBox=\"0 0 512 512\" xmlns=\"http:\/\/www.w3.org\/2000\/svg\"><path d=\"M502.60969,310.04206l-96.70393,96.71625a31.88151,31.88151,0,0,1-45.00765,0L280.572,326.34115l-9.89231,9.90759a190.56343,190.56343,0,0,1-5.40716,168.52287c-4.50077,8.50115-16.39342,9.59505-23.20707,2.79725L134.54715,400.05428l-17.7999,17.79929c.70324,2.60972,1.60965,5.00067,1.60965,7.79793a32.00544,32.00544,0,1,1-32.00544-32.00434c2.79735,0,5.18838.90637,7.7982,1.60959l17.7999-17.79929L4.43129,269.94287c-6.798-6.81342-5.70409-18.6119,2.79735-23.20627a190.58161,190.58161,0,0,1,168.52864-5.407l9.79854-9.79821-80.31053-80.41716a32.002,32.002,0,0,1,0-45.09987L201.96474,9.29814A31.62639,31.62639,0,0,1,224.46868,0a31.99951,31.99951,0,0,1,22.59759,9.29814l80.32615,80.30777,47.805-47.89713a33.6075,33.6075,0,0,1,47.50808,0l47.50807,47.50645a33.63308,33.63308,0,0,1,0,47.50644l-47.805,47.89713L502.71908,265.036A31.78938,31.78938,0,0,1,502.60969,310.04206ZM219.56159,197.433l73.82505-73.82252-68.918-68.9-73.80942,73.80689Zm237.74352,90.106-68.90233-68.9156-73.825,73.82252,68.918,68.9Z\"><\/path><\/svg>\t\t\t<\/div>\n\t\t<\/div>\n\t\t\t\t<\/div>\n\t\t\t\t<\/div>\n\t\t\t\t<div data-dce-background-color=\"#D8000000\" class=\"elementor-element elementor-element-6d95e09 elementor-align-center animated-slow elementor-invisible elementor-widget elementor-widget-button\" data-id=\"6d95e09\" data-element_type=\"widget\" data-settings=\"{&quot;_animation&quot;:&quot;zoomIn&quot;,&quot;_animation_delay&quot;:300}\" data-widget_type=\"button.default\">\n\t\t\t\t<div class=\"elementor-widget-container\">\n\t\t\t\t\t<div class=\"elementor-button-wrapper\">\n\t\t\t<a class=\"elementor-button elementor-button-link elementor-size-sm elementor-animation-float\" href=\"https:\/\/isoseg.com.br\/rastreador\/roubo-e-furto-de-veiculos\/\" target=\"_blank\">\n\t\t\t\t\t\t<span class=\"elementor-button-content-wrapper\">\n\t\t\t\t\t\t\t\t\t<span class=\"elementor-button-text\">Por que ter um rastrador ?<\/span>\n\t\t\t\t\t<\/span>\n\t\t\t\t\t<\/a>\n\t\t<\/div>\n\t\t\t\t<\/div>\n\t\t\t\t<\/div>\n\t\t\t\t<\/div>\n\t\t<div class=\"elementor-element elementor-element-0548722 e-con-full e-flex e-con e-child\" data-id=\"0548722\" data-element_type=\"container\">\n\t\t\t\t<div class=\"elementor-element elementor-element-20b2314 elementor-view-default elementor-widget elementor-widget-icon\" data-id=\"20b2314\" data-element_type=\"widget\" data-widget_type=\"icon.default\">\n\t\t\t\t<div class=\"elementor-widget-container\">\n\t\t\t\t\t<div class=\"elementor-icon-wrapper\">\n\t\t\t<div class=\"elementor-icon\">\n\t\t\t<svg aria-hidden=\"true\" class=\"e-font-icon-svg e-fas-cogs\" viewBox=\"0 0 640 512\" xmlns=\"http:\/\/www.w3.org\/2000\/svg\"><path d=\"M512.1 191l-8.2 14.3c-3 5.3-9.4 7.5-15.1 5.4-11.8-4.4-22.6-10.7-32.1-18.6-4.6-3.8-5.8-10.5-2.8-15.7l8.2-14.3c-6.9-8-12.3-17.3-15.9-27.4h-16.5c-6 0-11.2-4.3-12.2-10.3-2-12-2.1-24.6 0-37.1 1-6 6.2-10.4 12.2-10.4h16.5c3.6-10.1 9-19.4 15.9-27.4l-8.2-14.3c-3-5.2-1.9-11.9 2.8-15.7 9.5-7.9 20.4-14.2 32.1-18.6 5.7-2.1 12.1.1 15.1 5.4l8.2 14.3c10.5-1.9 21.2-1.9 31.7 0L552 6.3c3-5.3 9.4-7.5 15.1-5.4 11.8 4.4 22.6 10.7 32.1 18.6 4.6 3.8 5.8 10.5 2.8 15.7l-8.2 14.3c6.9 8 12.3 17.3 15.9 27.4h16.5c6 0 11.2 4.3 12.2 10.3 2 12 2.1 24.6 0 37.1-1 6-6.2 10.4-12.2 10.4h-16.5c-3.6 10.1-9 19.4-15.9 27.4l8.2 14.3c3 5.2 1.9 11.9-2.8 15.7-9.5 7.9-20.4 14.2-32.1 18.6-5.7 2.1-12.1-.1-15.1-5.4l-8.2-14.3c-10.4 1.9-21.2 1.9-31.7 0zm-10.5-58.8c38.5 29.6 82.4-14.3 52.8-52.8-38.5-29.7-82.4 14.3-52.8 52.8zM386.3 286.1l33.7 16.8c10.1 5.8 14.5 18.1 10.5 29.1-8.9 24.2-26.4 46.4-42.6 65.8-7.4 8.9-20.2 11.1-30.3 5.3l-29.1-16.8c-16 13.7-34.6 24.6-54.9 31.7v33.6c0 11.6-8.3 21.6-19.7 23.6-24.6 4.2-50.4 4.4-75.9 0-11.5-2-20-11.9-20-23.6V418c-20.3-7.2-38.9-18-54.9-31.7L74 403c-10 5.8-22.9 3.6-30.3-5.3-16.2-19.4-33.3-41.6-42.2-65.7-4-10.9.4-23.2 10.5-29.1l33.3-16.8c-3.9-20.9-3.9-42.4 0-63.4L12 205.8c-10.1-5.8-14.6-18.1-10.5-29 8.9-24.2 26-46.4 42.2-65.8 7.4-8.9 20.2-11.1 30.3-5.3l29.1 16.8c16-13.7 34.6-24.6 54.9-31.7V57.1c0-11.5 8.2-21.5 19.6-23.5 24.6-4.2 50.5-4.4 76-.1 11.5 2 20 11.9 20 23.6v33.6c20.3 7.2 38.9 18 54.9 31.7l29.1-16.8c10-5.8 22.9-3.6 30.3 5.3 16.2 19.4 33.2 41.6 42.1 65.8 4 10.9.1 23.2-10 29.1l-33.7 16.8c3.9 21 3.9 42.5 0 63.5zm-117.6 21.1c59.2-77-28.7-164.9-105.7-105.7-59.2 77 28.7 164.9 105.7 105.7zm243.4 182.7l-8.2 14.3c-3 5.3-9.4 7.5-15.1 5.4-11.8-4.4-22.6-10.7-32.1-18.6-4.6-3.8-5.8-10.5-2.8-15.7l8.2-14.3c-6.9-8-12.3-17.3-15.9-27.4h-16.5c-6 0-11.2-4.3-12.2-10.3-2-12-2.1-24.6 0-37.1 1-6 6.2-10.4 12.2-10.4h16.5c3.6-10.1 9-19.4 15.9-27.4l-8.2-14.3c-3-5.2-1.9-11.9 2.8-15.7 9.5-7.9 20.4-14.2 32.1-18.6 5.7-2.1 12.1.1 15.1 5.4l8.2 14.3c10.5-1.9 21.2-1.9 31.7 0l8.2-14.3c3-5.3 9.4-7.5 15.1-5.4 11.8 4.4 22.6 10.7 32.1 18.6 4.6 3.8 5.8 10.5 2.8 15.7l-8.2 14.3c6.9 8 12.3 17.3 15.9 27.4h16.5c6 0 11.2 4.3 12.2 10.3 2 12 2.1 24.6 0 37.1-1 6-6.2 10.4-12.2 10.4h-16.5c-3.6 10.1-9 19.4-15.9 27.4l8.2 14.3c3 5.2 1.9 11.9-2.8 15.7-9.5 7.9-20.4 14.2-32.1 18.6-5.7 2.1-12.1-.1-15.1-5.4l-8.2-14.3c-10.4 1.9-21.2 1.9-31.7 0zM501.6 431c38.5 29.6 82.4-14.3 52.8-52.8-38.5-29.6-82.4 14.3-52.8 52.8z\"><\/path><\/svg>\t\t\t<\/div>\n\t\t<\/div>\n\t\t\t\t<\/div>\n\t\t\t\t<\/div>\n\t\t\t\t<div data-dce-background-color=\"#D8000000\" class=\"elementor-element elementor-element-5bbd4db elementor-align-center animated-slow elementor-invisible elementor-widget elementor-widget-button\" data-id=\"5bbd4db\" data-element_type=\"widget\" data-settings=\"{&quot;_animation&quot;:&quot;zoomIn&quot;,&quot;_animation_delay&quot;:300}\" data-widget_type=\"button.default\">\n\t\t\t\t<div class=\"elementor-widget-container\">\n\t\t\t\t\t<div class=\"elementor-button-wrapper\">\n\t\t\t<a class=\"elementor-button elementor-button-link elementor-size-sm elementor-animation-float\" href=\"https:\/\/isoseg.com.br\/rastreador\/como-funciona-o-rastreador-veicular\/\" target=\"_blank\">\n\t\t\t\t\t\t<span class=\"elementor-button-content-wrapper\">\n\t\t\t\t\t\t\t\t\t<span class=\"elementor-button-text\">Como o rastreador funciona ?<\/span>\n\t\t\t\t\t<\/span>\n\t\t\t\t\t<\/a>\n\t\t<\/div>\n\t\t\t\t<\/div>\n\t\t\t\t<\/div>\n\t\t\t\t<\/div>\n\t\t<div class=\"elementor-element elementor-element-73880ca e-con-full e-flex e-con e-child\" data-id=\"73880ca\" data-element_type=\"container\">\n\t\t\t\t<div class=\"elementor-element elementor-element-bb01c61 elementor-view-default elementor-widget elementor-widget-icon\" data-id=\"bb01c61\" data-element_type=\"widget\" data-widget_type=\"icon.default\">\n\t\t\t\t<div class=\"elementor-widget-container\">\n\t\t\t\t\t<div class=\"elementor-icon-wrapper\">\n\t\t\t<div class=\"elementor-icon\">\n\t\t\t<svg aria-hidden=\"true\" class=\"e-font-icon-svg e-fas-building\" viewBox=\"0 0 448 512\" xmlns=\"http:\/\/www.w3.org\/2000\/svg\"><path d=\"M436 480h-20V24c0-13.255-10.745-24-24-24H56C42.745 0 32 10.745 32 24v456H12c-6.627 0-12 5.373-12 12v20h448v-20c0-6.627-5.373-12-12-12zM128 76c0-6.627 5.373-12 12-12h40c6.627 0 12 5.373 12 12v40c0 6.627-5.373 12-12 12h-40c-6.627 0-12-5.373-12-12V76zm0 96c0-6.627 5.373-12 12-12h40c6.627 0 12 5.373 12 12v40c0 6.627-5.373 12-12 12h-40c-6.627 0-12-5.373-12-12v-40zm52 148h-40c-6.627 0-12-5.373-12-12v-40c0-6.627 5.373-12 12-12h40c6.627 0 12 5.373 12 12v40c0 6.627-5.373 12-12 12zm76 160h-64v-84c0-6.627 5.373-12 12-12h40c6.627 0 12 5.373 12 12v84zm64-172c0 6.627-5.373 12-12 12h-40c-6.627 0-12-5.373-12-12v-40c0-6.627 5.373-12 12-12h40c6.627 0 12 5.373 12 12v40zm0-96c0 6.627-5.373 12-12 12h-40c-6.627 0-12-5.373-12-12v-40c0-6.627 5.373-12 12-12h40c6.627 0 12 5.373 12 12v40zm0-96c0 6.627-5.373 12-12 12h-40c-6.627 0-12-5.373-12-12V76c0-6.627 5.373-12 12-12h40c6.627 0 12 5.373 12 12v40z\"><\/path><\/svg>\t\t\t<\/div>\n\t\t<\/div>\n\t\t\t\t<\/div>\n\t\t\t\t<\/div>\n\t\t\t\t<div data-dce-background-color=\"#D8000000\" class=\"elementor-element elementor-element-3a7a6dd elementor-align-center animated-slow elementor-invisible elementor-widget elementor-widget-button\" data-id=\"3a7a6dd\" data-element_type=\"widget\" data-settings=\"{&quot;_animation&quot;:&quot;zoomIn&quot;,&quot;_animation_delay&quot;:300}\" data-widget_type=\"button.default\">\n\t\t\t\t<div class=\"elementor-widget-container\">\n\t\t\t\t\t<div class=\"elementor-button-wrapper\">\n\t\t\t<a class=\"elementor-button elementor-button-link elementor-size-sm elementor-animation-float\" href=\"https:\/\/isoseg.com.br\/rastreador\/quem-somos-iso-seg-seguranca\/\" target=\"_blank\">\n\t\t\t\t\t\t<span class=\"elementor-button-content-wrapper\">\n\t\t\t\t\t\t\t\t\t<span class=\"elementor-button-text\">Sobre a iso seg<\/span>\n\t\t\t\t\t<\/span>\n\t\t\t\t\t<\/a>\n\t\t<\/div>\n\t\t\t\t<\/div>\n\t\t\t\t<\/div>\n\t\t\t\t<\/div>\n\t\t\t\t<\/div>\n\t\t\t\t<\/div>\n\t\t<div class=\"elementor-element elementor-element-7360a60 e-con-full animated-slow e-flex elementor-invisible e-con e-child\" data-id=\"7360a60\" data-element_type=\"container\" data-settings=\"{&quot;animation&quot;:&quot;zoomIn&quot;}\">\n\t\t\t\t<div class=\"elementor-element elementor-element-b55980d elementor-widget elementor-widget-heading\" data-id=\"b55980d\" data-element_type=\"widget\" data-widget_type=\"heading.default\">\n\t\t\t\t<div class=\"elementor-widget-container\">\n\t\t\t<style>\/*! elementor - v3.23.0 - 05-08-2024 *\/\n.elementor-heading-title{padding:0;margin:0;line-height:1}.elementor-widget-heading .elementor-heading-title[class*=elementor-size-]>a{color:inherit;font-size:inherit;line-height:inherit}.elementor-widget-heading .elementor-heading-title.elementor-size-small{font-size:15px}.elementor-widget-heading .elementor-heading-title.elementor-size-medium{font-size:19px}.elementor-widget-heading .elementor-heading-title.elementor-size-large{font-size:29px}.elementor-widget-heading .elementor-heading-title.elementor-size-xl{font-size:39px}.elementor-widget-heading .elementor-heading-title.elementor-size-xxl{font-size:59px}<\/style><h2 class=\"elementor-heading-title elementor-size-default\"><a href=\"https:\/\/isoseg.com.br\/rastreador\/politicas-de-privacidade\/\" target=\"_blank\">POL\u00cdTICA DE PRIVACIDADE E PROTE\u00c7\u00c3O DE DADOS PESSOAIS<\/a><\/h2>\t\t<\/div>\n\t\t\t\t<\/div>\n\t\t\t\t<\/div>\n\t\t\t\t\t<\/div>\n\t\t\t\t<\/div>\n\t\t\t\t<\/div>\n\t\t","protected":false},"excerpt":{"rendered":"<p>sobre Por que ter um rastrador ? Como o rastreador funciona ? Sobre a iso seg POL\u00cdTICA DE PRIVACIDADE E PROTE\u00c7\u00c3O DE DADOS PESSOAIS<\/p>\n","protected":false},"author":4,"featured_media":0,"parent":0,"menu_order":0,"comment_status":"closed","ping_status":"closed","template":"","meta":{"_acf_changed":false,"om_disable_all_campaigns":false,"_monsterinsights_skip_tracking":false,"_monsterinsights_sitenote_active":false,"_monsterinsights_sitenote_note":"","_monsterinsights_sitenote_category":0,"footnotes":""},"class_list":["post-10078","page","type-page","status-publish","hentry"],"acf":[],"yoast_head":"<!-- This site is optimized with the Yoast SEO plugin v23.6 - https:\/\/yoast.com\/wordpress\/plugins\/seo\/ -->\n<title>Sobre - Rastreador<\/title>\n<meta name=\"robots\" content=\"index, follow, max-snippet:-1, max-image-preview:large, max-video-preview:-1\" \/>\n<meta property=\"og:locale\" content=\"en_US\" \/>\n<meta property=\"og:type\" content=\"article\" \/>\n<meta property=\"og:title\" content=\"Sobre - Rastreador\" \/>\n<meta property=\"og:description\" content=\"sobre Por que ter um rastrador ? Como o rastreador funciona ? Sobre a iso seg POL\u00cdTICA DE PRIVACIDADE E PROTE\u00c7\u00c3O DE DADOS PESSOAIS\" \/>\n<meta property=\"og:url\" content=\"https:\/\/isoseg.com.br\/rastreador\/sobre\/\" \/>\n<meta property=\"og:site_name\" content=\"Rastreador\" \/>\n<meta property=\"article:publisher\" content=\"https:\/\/www.instagram.com\/isoseg.rastreador\" \/>\n<meta property=\"article:modified_time\" content=\"2025-05-26T20:46:08+00:00\" \/>\n<meta property=\"og:image\" content=\"https:\/\/isoseg.com.br\/rastreador\/wp-content\/uploads\/2024\/08\/iso-seg-rastreador-veiculuar-para-imagens-nao-definidas-2.png\" \/>\n\t<meta property=\"og:image:width\" content=\"1200\" \/>\n\t<meta property=\"og:image:height\" content=\"675\" \/>\n\t<meta property=\"og:image:type\" content=\"image\/png\" \/>\n<meta name=\"twitter:card\" content=\"summary_large_image\" \/>\n<meta name=\"twitter:label1\" content=\"Est. reading time\" \/>\n\t<meta name=\"twitter:data1\" content=\"1 minute\" \/>\n<script type=\"application\/ld+json\" class=\"yoast-schema-graph\">{\"@context\":\"https:\/\/schema.org\",\"@graph\":[{\"@type\":\"WebPage\",\"@id\":\"https:\/\/isoseg.com.br\/rastreador\/sobre\/\",\"url\":\"https:\/\/isoseg.com.br\/rastreador\/sobre\/\",\"name\":\"Sobre - Rastreador\",\"isPartOf\":{\"@id\":\"https:\/\/isoseg.com.br\/rastreador\/#website\"},\"datePublished\":\"2024-10-24T19:24:10+00:00\",\"dateModified\":\"2025-05-26T20:46:08+00:00\",\"breadcrumb\":{\"@id\":\"https:\/\/isoseg.com.br\/rastreador\/sobre\/#breadcrumb\"},\"inLanguage\":\"en-US\",\"potentialAction\":[{\"@type\":\"ReadAction\",\"target\":[\"https:\/\/isoseg.com.br\/rastreador\/sobre\/\"]}]},{\"@type\":\"BreadcrumbList\",\"@id\":\"https:\/\/isoseg.com.br\/rastreador\/sobre\/#breadcrumb\",\"itemListElement\":[{\"@type\":\"ListItem\",\"position\":1,\"name\":\"Home\",\"item\":\"https:\/\/isoseg.com.br\/rastreador\/\"},{\"@type\":\"ListItem\",\"position\":2,\"name\":\"Sobre\"}]},{\"@type\":\"WebSite\",\"@id\":\"https:\/\/isoseg.com.br\/rastreador\/#website\",\"url\":\"https:\/\/isoseg.com.br\/rastreador\/\",\"name\":\"Rastreador Veicular Iso Seg\",\"description\":\"Rastreador veicular, Bloqueador veicular, Rastreador\",\"publisher\":{\"@id\":\"https:\/\/isoseg.com.br\/rastreador\/#organization\"},\"alternateName\":\"Iso Seg Rastreador\",\"potentialAction\":[{\"@type\":\"SearchAction\",\"target\":{\"@type\":\"EntryPoint\",\"urlTemplate\":\"https:\/\/isoseg.com.br\/rastreador\/?s={search_term_string}\"},\"query-input\":{\"@type\":\"PropertyValueSpecification\",\"valueRequired\":true,\"valueName\":\"search_term_string\"}}],\"inLanguage\":\"en-US\"},{\"@type\":\"Organization\",\"@id\":\"https:\/\/isoseg.com.br\/rastreador\/#organization\",\"name\":\"Rastreador Iso Seg\",\"alternateName\":\"Rastreador Veicular Iso Seg\",\"url\":\"https:\/\/isoseg.com.br\/rastreador\/\",\"logo\":{\"@type\":\"ImageObject\",\"inLanguage\":\"en-US\",\"@id\":\"https:\/\/isoseg.com.br\/rastreador\/#\/schema\/logo\/image\/\",\"url\":\"https:\/\/isoseg.com.br\/rastreador\/wp-content\/uploads\/2022\/10\/0-logo-3.png\",\"contentUrl\":\"https:\/\/isoseg.com.br\/rastreador\/wp-content\/uploads\/2022\/10\/0-logo-3.png\",\"width\":922,\"height\":922,\"caption\":\"Rastreador Iso Seg\"},\"image\":{\"@id\":\"https:\/\/isoseg.com.br\/rastreador\/#\/schema\/logo\/image\/\"},\"sameAs\":[\"https:\/\/www.instagram.com\/isoseg.rastreador\"]}]}<\/script>\n<!-- \/ Yoast SEO plugin. -->","yoast_head_json":{"title":"Sobre - Rastreador","robots":{"index":"index","follow":"follow","max-snippet":"max-snippet:-1","max-image-preview":"max-image-preview:large","max-video-preview":"max-video-preview:-1"},"og_locale":"en_US","og_type":"article","og_title":"Sobre - Rastreador","og_description":"sobre Por que ter um rastrador ? Como o rastreador funciona ? Sobre a iso seg POL\u00cdTICA DE PRIVACIDADE E PROTE\u00c7\u00c3O DE DADOS PESSOAIS","og_url":"https:\/\/isoseg.com.br\/rastreador\/sobre\/","og_site_name":"Rastreador","article_publisher":"https:\/\/www.instagram.com\/isoseg.rastreador","article_modified_time":"2025-05-26T20:46:08+00:00","og_image":[{"width":1200,"height":675,"url":"https:\/\/isoseg.com.br\/rastreador\/wp-content\/uploads\/2024\/08\/iso-seg-rastreador-veiculuar-para-imagens-nao-definidas-2.png","type":"image\/png"}],"twitter_card":"summary_large_image","twitter_misc":{"Est. reading time":"1 minute"},"schema":{"@context":"https:\/\/schema.org","@graph":[{"@type":"WebPage","@id":"https:\/\/isoseg.com.br\/rastreador\/sobre\/","url":"https:\/\/isoseg.com.br\/rastreador\/sobre\/","name":"Sobre - Rastreador","isPartOf":{"@id":"https:\/\/isoseg.com.br\/rastreador\/#website"},"datePublished":"2024-10-24T19:24:10+00:00","dateModified":"2025-05-26T20:46:08+00:00","breadcrumb":{"@id":"https:\/\/isoseg.com.br\/rastreador\/sobre\/#breadcrumb"},"inLanguage":"en-US","potentialAction":[{"@type":"ReadAction","target":["https:\/\/isoseg.com.br\/rastreador\/sobre\/"]}]},{"@type":"BreadcrumbList","@id":"https:\/\/isoseg.com.br\/rastreador\/sobre\/#breadcrumb","itemListElement":[{"@type":"ListItem","position":1,"name":"Home","item":"https:\/\/isoseg.com.br\/rastreador\/"},{"@type":"ListItem","position":2,"name":"Sobre"}]},{"@type":"WebSite","@id":"https:\/\/isoseg.com.br\/rastreador\/#website","url":"https:\/\/isoseg.com.br\/rastreador\/","name":"Rastreador Veicular Iso Seg","description":"Rastreador veicular, Bloqueador veicular, Rastreador","publisher":{"@id":"https:\/\/isoseg.com.br\/rastreador\/#organization"},"alternateName":"Iso Seg Rastreador","potentialAction":[{"@type":"SearchAction","target":{"@type":"EntryPoint","urlTemplate":"https:\/\/isoseg.com.br\/rastreador\/?s={search_term_string}"},"query-input":{"@type":"PropertyValueSpecification","valueRequired":true,"valueName":"search_term_string"}}],"inLanguage":"en-US"},{"@type":"Organization","@id":"https:\/\/isoseg.com.br\/rastreador\/#organization","name":"Rastreador Iso Seg","alternateName":"Rastreador Veicular Iso Seg","url":"https:\/\/isoseg.com.br\/rastreador\/","logo":{"@type":"ImageObject","inLanguage":"en-US","@id":"https:\/\/isoseg.com.br\/rastreador\/#\/schema\/logo\/image\/","url":"https:\/\/isoseg.com.br\/rastreador\/wp-content\/uploads\/2022\/10\/0-logo-3.png","contentUrl":"https:\/\/isoseg.com.br\/rastreador\/wp-content\/uploads\/2022\/10\/0-logo-3.png","width":922,"height":922,"caption":"Rastreador Iso Seg"},"image":{"@id":"https:\/\/isoseg.com.br\/rastreador\/#\/schema\/logo\/image\/"},"sameAs":["https:\/\/www.instagram.com\/isoseg.rastreador"]}]}},"_hostinger_reach_plugin_has_subscription_block":false,"_hostinger_reach_plugin_is_elementor":false,"_links":{"self":[{"href":"https:\/\/isoseg.com.br\/rastreador\/wp-json\/wp\/v2\/pages\/10078","targetHints":{"allow":["GET"]}}],"collection":[{"href":"https:\/\/isoseg.com.br\/rastreador\/wp-json\/wp\/v2\/pages"}],"about":[{"href":"https:\/\/isoseg.com.br\/rastreador\/wp-json\/wp\/v2\/types\/page"}],"author":[{"embeddable":true,"href":"https:\/\/isoseg.com.br\/rastreador\/wp-json\/wp\/v2\/users\/4"}],"replies":[{"embeddable":true,"href":"https:\/\/isoseg.com.br\/rastreador\/wp-json\/wp\/v2\/comments?post=10078"}],"version-history":[{"count":19,"href":"https:\/\/isoseg.com.br\/rastreador\/wp-json\/wp\/v2\/pages\/10078\/revisions"}],"predecessor-version":[{"id":13232,"href":"https:\/\/isoseg.com.br\/rastreador\/wp-json\/wp\/v2\/pages\/10078\/revisions\/13232"}],"wp:attachment":[{"href":"https:\/\/isoseg.com.br\/rastreador\/wp-json\/wp\/v2\/media?parent=10078"}],"curies":[{"name":"wp","href":"https:\/\/api.w.org\/{rel}","templated":true}]}}