{"id":3742,"date":"2024-08-15T13:37:21","date_gmt":"2024-08-15T13:37:21","guid":{"rendered":"https:\/\/isoseg.com.br\/rastreador\/?page_id=3742"},"modified":"2025-09-22T20:15:56","modified_gmt":"2025-09-22T23:15:56","slug":"logar","status":"publish","type":"page","link":"https:\/\/isoseg.com.br\/rastreador\/logar\/","title":{"rendered":"Logar"},"content":{"rendered":"\t\t<div data-elementor-type=\"wp-page\" data-elementor-id=\"3742\" class=\"elementor elementor-3742\" data-elementor-post-type=\"page\">\n\t\t\t\t\t\t<section data-particle_enable=\"false\" data-particle-mobile-disabled=\"false\" data-dce-background-overlay-color=\"#0000006B\" data-dce-background-image-url=\"https:\/\/isoseg.com.br\/rastreador\/wp-content\/uploads\/2024\/09\/32086370194_22b212ebf7_k.jpg\" class=\"elementor-section elementor-top-section elementor-element elementor-element-7013b64 elementor-section-height-min-height elementor-section-boxed elementor-section-height-default elementor-section-items-middle\" data-id=\"7013b64\" data-element_type=\"section\" data-settings=\"{&quot;background_background&quot;:&quot;classic&quot;}\">\n\t\t\t\t\t\t\t<div class=\"elementor-background-overlay\"><\/div>\n\t\t\t\t\t\t\t<div class=\"elementor-container elementor-column-gap-default\">\n\t\t\t\t\t<div class=\"elementor-column elementor-col-100 elementor-top-column elementor-element elementor-element-3e18a3d\" data-id=\"3e18a3d\" data-element_type=\"column\" data-settings=\"{&quot;background_background&quot;:&quot;classic&quot;}\">\n\t\t\t<div class=\"elementor-widget-wrap elementor-element-populated\">\n\t\t\t\t\t\t<section data-particle_enable=\"false\" data-particle-mobile-disabled=\"false\" class=\"elementor-section elementor-inner-section elementor-element elementor-element-6a3e969 elementor-section-boxed elementor-section-height-default elementor-section-height-default\" data-id=\"6a3e969\" data-element_type=\"section\">\n\t\t\t\t\t\t<div class=\"elementor-container elementor-column-gap-default\">\n\t\t\t\t\t<div class=\"elementor-column elementor-col-50 elementor-inner-column elementor-element elementor-element-fc7cdc1\" data-id=\"fc7cdc1\" data-element_type=\"column\">\n\t\t\t<div class=\"elementor-widget-wrap elementor-element-populated\">\n\t\t\t\t\t\t<div class=\"elementor-element elementor-element-8de4c60 dce_masking-none elementor-widget elementor-widget-image\" data-id=\"8de4c60\" data-element_type=\"widget\" data-settings=\"{&quot;_animation_mobile&quot;:&quot;zoomIn&quot;}\" data-widget_type=\"image.default\">\n\t\t\t\t<div class=\"elementor-widget-container\">\n\t\t\t<style>\/*! elementor - v3.23.0 - 05-08-2024 *\/\n.elementor-widget-image{text-align:center}.elementor-widget-image a{display:inline-block}.elementor-widget-image a img[src$=\".svg\"]{width:48px}.elementor-widget-image img{vertical-align:middle;display:inline-block}<\/style>\t\t\t\t\t\t\t\t\t\t<img fetchpriority=\"high\" decoding=\"async\" width=\"800\" height=\"800\" src=\"https:\/\/isoseg.com.br\/rastreador\/wp-content\/uploads\/2022\/10\/0-logo-3.png\" class=\"attachment-large size-large wp-image-3829\" alt=\"\" srcset=\"https:\/\/isoseg.com.br\/rastreador\/wp-content\/uploads\/2022\/10\/0-logo-3.png 922w, https:\/\/isoseg.com.br\/rastreador\/wp-content\/uploads\/2022\/10\/0-logo-3-300x300.png 300w, https:\/\/isoseg.com.br\/rastreador\/wp-content\/uploads\/2022\/10\/0-logo-3-150x150.png 150w, https:\/\/isoseg.com.br\/rastreador\/wp-content\/uploads\/2022\/10\/0-logo-3-768x768.png 768w\" sizes=\"(max-width: 800px) 100vw, 800px\" \/>\t\t\t\t\t\t\t\t\t\t\t\t\t<\/div>\n\t\t\t\t<\/div>\n\t\t\t\t\t<\/div>\n\t\t<\/div>\n\t\t\t\t<div class=\"elementor-column elementor-col-50 elementor-inner-column elementor-element elementor-element-16f30cb\" data-id=\"16f30cb\" data-element_type=\"column\" data-settings=\"{&quot;animation_mobile&quot;:&quot;slideInUp&quot;}\">\n\t\t\t<div class=\"elementor-widget-wrap elementor-element-populated\">\n\t\t\t\t\t\t<div class=\"elementor-element elementor-element-e79b239 elementor-widget elementor-widget-eael-login-register\" data-id=\"e79b239\" data-element_type=\"widget\" data-widget_type=\"eael-login-register.default\">\n\t\t\t\t<div class=\"elementor-widget-container\">\n\t\t\t        <div class=\"eael-login-registration-wrapper \"\n             data-is-ajax=\"\"\n             data-widget-id=\"e79b239\"\n             data-recaptcha-sitekey=\"\"\n\t\t\t data-recaptcha-sitekey-v3=\"\"\n\t\t\t data-login-recaptcha-version=\"v2\"\n\t\t\t data-register-recaptcha-version=\"v2\"\n             data-redirect-to=\"https:\/\/isoseg.com.br\/rastreador\/painel_de_controle\/\"\n             data-resetpassword-redirect-to=\"\"\n        >\n\t\t\t            <section\n                    id=\"eael-login-form-wrapper\"\n                    class=\"\"\n                    data-recaptcha-theme=\"light\"\n                    data-recaptcha-size=\"normal\">\n                <div class=\"eael-login-form-wrapper eael-lr-form-wrapper style-2 lr-icon-showing\">\n\t\t\t\t\t                        <div class=\"lr-form-wrapper\">\n\t\t\t\t\t\t\t\t\t\t\t\t\t\t                            <form class=\"eael-login-form eael-lr-form\"\n                                  id=\"eael-login-form\"\n                                  method=\"post\">\n\t\t\t\t\t\t\t\t                                <div class=\"eael-lr-form-group eael-user-login\">\n\t\t\t\t\t\t\t\t\t                                    <input type=\"text\"\n                                           name=\"eael-user-login\"\n                                           id=\"eael-user-login\"\n                                           class=\"eael-lr-form-control\"\n                                           aria-describedby=\"emailHelp\"\n                                           placeholder=\"\"\n                                           required>\n\t\t\t\t\t\t\t\t\t<i class=\"fas fa-user\"><\/i>                                <\/div>\n                                <div class=\"eael-lr-form-group eael-user-password\">\n\t\t\t\t\t\t\t\t\t                                    <div class=\"eael-lr-password-wrapper\">\n                                        <input type=\"password\"\n                                               name=\"eael-user-password\"\n                                               class=\"eael-lr-form-control\"\n                                               id=\"eael-user-password\"\n                                               placeholder=\"\"\n                                               required>\n\t\t\t\t\t\t\t\t\t\t                                            <button type=\"button\"\n                                                    id=\"wp-hide-pw\"\n                                                    class=\"wp-hide-pw hide-if-no-js\"\n                                                    aria-label=\"Show password\">\n                                                <span class=\"dashicons dashicons-visibility\"\n                                                      aria-hidden=\"true\"><\/span>\n                                            <\/button>\n\t\t\t\t\t\t\t\t\t\t\t\t\t\t\t\t\t\t\t\t<i class=\"fas fa-lock\"><\/i>                                    <\/div>\n                                <\/div>\n                                <div class=\"eael-forever-forget eael-lr-form-group\">\n\t\t\t\t\t\t\t\t\t                                        <p class=\"forget-menot\">\n                                            <input name=\"eael-rememberme\"\n                                                   type=\"checkbox\"\n                                                   id=\"rememberme\"\n\t\t\t\t\t\t\t\t\t\t\t\t                                                      class=\"remember-me lr-checkbox\"\n                                                   value=\"forever\">\n                                            <label for=\"rememberme\"\n                                                   class=\"eael-checkbox-label rememberme\">Lembre para acesso futuro <\/label>\n                                        <\/p>\n\t\t\t\t\t\t\t\t\t\n                                <\/div>\n\n\t\t\t\t\t\t\t\t\n\n                                <div class=\"eael-lr-footer\">\n\t\t\t\t\t\t\t\t\t<div class=\"eael-lr-form-loader-wrapper\">\n                                    \t<input type=\"submit\"\n                                           name=\"eael-login-submit\"\n                                           id=\"eael-login-submit\"\n                                           class=\"g-recaptcha eael-lr-btn eael-lr-btn-block \"\n                                           value=\"Acessar\"\/>\n\t\t\t\t\t\t\t\t\t\t\n\t\t\t\t\t\t\t\t\t\t\n\t\t\t\t\t\t\t\t\t<\/div>\n\t\t\t\t\t\t\t\t\t\n                                <\/div>\n\t\t\t\t\t\t\t\t                                <div class=\"eael-form-validation-container\">\n\t\t\t\t\t\t\t\t\t                                <\/div>\n\t\t\t\t\t\t\t\t                <input type=\"hidden\"\n                       name=\"redirect_to\"\n                       value=\"https:\/\/isoseg.com.br\/rastreador\/painel_de_controle\/\">\n\t\t\t\t\t\t\t\t\t<input type=\"hidden\"\n\t\t\t\t\t\t\tname=\"redirect_to_administrator\"\n\t\t\t\t\t\t\tvalue=\"https:\/\/isoseg.com.br\/rastreador\/wp-admin\/\">\n\t\t\t\t\t\t\t\t\t\t\t\t<input type=\"hidden\"\n\t\t\t\t\t\t\tname=\"redirect_to_editor\"\n\t\t\t\t\t\t\tvalue=\"https:\/\/isoseg.com.br\/rastreador\/central-de-controle\/\">\n\t\t\t\t\t\t\t\t\t\t\t\t<input type=\"hidden\"\n\t\t\t\t\t\t\tname=\"redirect_to_author\"\n\t\t\t\t\t\t\tvalue=\"https:\/\/isoseg.com.br\/rastreador\/central-de-controle\/\">\n\t\t\t\t\t\t\t\t\t\t\t\t<input type=\"hidden\"\n\t\t\t\t\t\t\tname=\"redirect_to_contributor\"\n\t\t\t\t\t\t\tvalue=\"\">\n\t\t\t\t\t\t\t\t\t\t\t\t<input type=\"hidden\"\n\t\t\t\t\t\t\tname=\"redirect_to_subscriber\"\n\t\t\t\t\t\t\tvalue=\"\">\n\t\t\t\t\t\t\t\t\t\t\t\t<input type=\"hidden\"\n\t\t\t\t\t\t\tname=\"redirect_to_translator\"\n\t\t\t\t\t\t\tvalue=\"\">\n\t\t\t\t\t\t\t\t\t\t\t\t<input type=\"hidden\"\n\t\t\t\t\t\t\tname=\"redirect_to_wpseo_manager\"\n\t\t\t\t\t\t\tvalue=\"\">\n\t\t\t\t\t\t\t\t\t\t\t\t<input type=\"hidden\"\n\t\t\t\t\t\t\tname=\"redirect_to_wpseo_editor\"\n\t\t\t\t\t\t\tvalue=\"\">\n\t\t\t\t\t\t<input type=\"hidden\" id=\"eael-login-nonce\" name=\"eael-login-nonce\" value=\"924a549a61\" \/><input type=\"hidden\" name=\"_wp_http_referer\" value=\"\/rastreador\/wp-json\/wp\/v2\/pages\/3742\" \/>        <input type=\"hidden\"\n               name=\"page_id\"\n               value=\"3742\">\n\t\t<input type=\"hidden\"\n               name=\"page_id_for_popup\"\n               value=\"3742\">\t   \n\t\t<input type=\"hidden\"\n               name=\"resetpassword_in_popup_selector\"\n               value=\"\">\n        <input type=\"hidden\"\n               name=\"widget_id\"\n               value=\"e79b239\">\n\t\t                            <\/form>\n\t\t\t\t\t\t\t                        <\/div>\n\t\t\t\t\t\t                <\/div>\n\n            <\/section>\n\n\t\t\t<script>\n\t\t\t\tjQuery(document).ready(function($){\n\t\t\t\t\tvar eael_get_login_status = localStorage.getItem( 'eael-is-login-form' );\n\t\t\t\t\tif( eael_get_login_status === 'true' ) {\n\t\t\t\t\t\tsetTimeout(function() {\n\t\t\t\t\t\t\tvar button = jQuery('[eael-login=\"yes\"]');\n\t\t\t\t\t\t\tif( ! button.hasClass('eael-clicked') ) {\n\t\t\t\t\t\t\t\tbutton.trigger('click').addClass('eael-clicked');\n\t\t\t\t\t\t\t}\n\t\t\t\t\t\t}, 100);\n\n\t\t\t\t\t\tsetTimeout(function() {\n\t\t\t\t\t\t\tjQuery('[eael-login=\"yes\"]').removeClass('eael-clicked')\n\t\t\t\t\t\t}, 500);\n\t\t\t\t\t}\n\t\t\t\t});\n\t\t\t<\/script>\n\t\t\t        <\/div>\n\n\t\t\t\t<\/div>\n\t\t\t\t<\/div>\n\t\t\t\t\t<\/div>\n\t\t<\/div>\n\t\t\t\t\t<\/div>\n\t\t<\/section>\n\t\t\t\t\t<\/div>\n\t\t<\/div>\n\t\t\t\t\t<\/div>\n\t\t<\/section>\n\t\t\t\t<\/div>\n\t\t","protected":false},"excerpt":{"rendered":"<p>Voc\u00ea j\u00e1 est\u00e1 logado como [nome de usu\u00e1rio]. (Logout)<\/p>\n","protected":false},"author":4,"featured_media":0,"parent":0,"menu_order":0,"comment_status":"closed","ping_status":"closed","template":"elementor_header_footer","meta":{"_acf_changed":false,"om_disable_all_campaigns":false,"_monsterinsights_skip_tracking":false,"_monsterinsights_sitenote_active":false,"_monsterinsights_sitenote_note":"","_monsterinsights_sitenote_category":0,"footnotes":""},"class_list":["post-3742","page","type-page","status-publish","hentry"],"acf":[],"yoast_head":"<!-- This site is optimized with the Yoast SEO plugin v23.6 - https:\/\/yoast.com\/wordpress\/plugins\/seo\/ -->\n<title>Logar - Rastreador<\/title>\n<meta name=\"robots\" content=\"noindex, nofollow\" \/>\n<meta property=\"og:locale\" content=\"en_US\" \/>\n<meta property=\"og:type\" content=\"article\" \/>\n<meta property=\"og:title\" content=\"Logar - Rastreador\" \/>\n<meta property=\"og:description\" content=\"Voc\u00ea j\u00e1 est\u00e1 logado como [nome de usu\u00e1rio]. (Logout)\" \/>\n<meta property=\"og:url\" content=\"https:\/\/isoseg.com.br\/rastreador\/logar\/\" \/>\n<meta property=\"og:site_name\" content=\"Rastreador\" \/>\n<meta property=\"article:publisher\" content=\"https:\/\/www.instagram.com\/isoseg.rastreador\" \/>\n<meta property=\"article:modified_time\" content=\"2025-09-22T23:15:56+00:00\" \/>\n<meta property=\"og:image\" content=\"https:\/\/isoseg.com.br\/rastreador\/wp-content\/uploads\/2022\/10\/0-logo-3.png\" \/>\n\t<meta property=\"og:image:width\" content=\"922\" \/>\n\t<meta property=\"og:image:height\" content=\"922\" \/>\n\t<meta property=\"og:image:type\" content=\"image\/png\" \/>\n<meta name=\"twitter:card\" content=\"summary_large_image\" \/>\n<meta name=\"twitter:label1\" content=\"Est. reading time\" \/>\n\t<meta name=\"twitter:data1\" content=\"1 minute\" \/>\n<script type=\"application\/ld+json\" class=\"yoast-schema-graph\">{\"@context\":\"https:\/\/schema.org\",\"@graph\":[{\"@type\":\"WebPage\",\"@id\":\"https:\/\/isoseg.com.br\/rastreador\/logar\/\",\"url\":\"https:\/\/isoseg.com.br\/rastreador\/logar\/\",\"name\":\"Logar - Rastreador\",\"isPartOf\":{\"@id\":\"https:\/\/isoseg.com.br\/rastreador\/#website\"},\"primaryImageOfPage\":{\"@id\":\"https:\/\/isoseg.com.br\/rastreador\/logar\/#primaryimage\"},\"image\":{\"@id\":\"https:\/\/isoseg.com.br\/rastreador\/logar\/#primaryimage\"},\"thumbnailUrl\":\"https:\/\/isoseg.com.br\/rastreador\/wp-content\/uploads\/2022\/10\/0-logo-3.png\",\"datePublished\":\"2024-08-15T13:37:21+00:00\",\"dateModified\":\"2025-09-22T23:15:56+00:00\",\"breadcrumb\":{\"@id\":\"https:\/\/isoseg.com.br\/rastreador\/logar\/#breadcrumb\"},\"inLanguage\":\"en-US\",\"potentialAction\":[{\"@type\":\"ReadAction\",\"target\":[\"https:\/\/isoseg.com.br\/rastreador\/logar\/\"]}]},{\"@type\":\"ImageObject\",\"inLanguage\":\"en-US\",\"@id\":\"https:\/\/isoseg.com.br\/rastreador\/logar\/#primaryimage\",\"url\":\"https:\/\/isoseg.com.br\/rastreador\/wp-content\/uploads\/2022\/10\/0-logo-3.png\",\"contentUrl\":\"https:\/\/isoseg.com.br\/rastreador\/wp-content\/uploads\/2022\/10\/0-logo-3.png\",\"width\":922,\"height\":922},{\"@type\":\"BreadcrumbList\",\"@id\":\"https:\/\/isoseg.com.br\/rastreador\/logar\/#breadcrumb\",\"itemListElement\":[{\"@type\":\"ListItem\",\"position\":1,\"name\":\"Home\",\"item\":\"https:\/\/isoseg.com.br\/rastreador\/\"},{\"@type\":\"ListItem\",\"position\":2,\"name\":\"Logar\"}]},{\"@type\":\"WebSite\",\"@id\":\"https:\/\/isoseg.com.br\/rastreador\/#website\",\"url\":\"https:\/\/isoseg.com.br\/rastreador\/\",\"name\":\"Rastreador Veicular Iso Seg\",\"description\":\"Rastreador veicular, Bloqueador veicular, Rastreador\",\"publisher\":{\"@id\":\"https:\/\/isoseg.com.br\/rastreador\/#organization\"},\"alternateName\":\"Iso Seg Rastreador\",\"potentialAction\":[{\"@type\":\"SearchAction\",\"target\":{\"@type\":\"EntryPoint\",\"urlTemplate\":\"https:\/\/isoseg.com.br\/rastreador\/?s={search_term_string}\"},\"query-input\":{\"@type\":\"PropertyValueSpecification\",\"valueRequired\":true,\"valueName\":\"search_term_string\"}}],\"inLanguage\":\"en-US\"},{\"@type\":\"Organization\",\"@id\":\"https:\/\/isoseg.com.br\/rastreador\/#organization\",\"name\":\"Rastreador Iso Seg\",\"alternateName\":\"Rastreador Veicular Iso Seg\",\"url\":\"https:\/\/isoseg.com.br\/rastreador\/\",\"logo\":{\"@type\":\"ImageObject\",\"inLanguage\":\"en-US\",\"@id\":\"https:\/\/isoseg.com.br\/rastreador\/#\/schema\/logo\/image\/\",\"url\":\"https:\/\/isoseg.com.br\/rastreador\/wp-content\/uploads\/2022\/10\/0-logo-3.png\",\"contentUrl\":\"https:\/\/isoseg.com.br\/rastreador\/wp-content\/uploads\/2022\/10\/0-logo-3.png\",\"width\":922,\"height\":922,\"caption\":\"Rastreador Iso Seg\"},\"image\":{\"@id\":\"https:\/\/isoseg.com.br\/rastreador\/#\/schema\/logo\/image\/\"},\"sameAs\":[\"https:\/\/www.instagram.com\/isoseg.rastreador\"]}]}<\/script>\n<!-- \/ Yoast SEO plugin. -->","yoast_head_json":{"title":"Logar - Rastreador","robots":{"index":"noindex","follow":"nofollow"},"og_locale":"en_US","og_type":"article","og_title":"Logar - Rastreador","og_description":"Voc\u00ea j\u00e1 est\u00e1 logado como [nome de usu\u00e1rio]. (Logout)","og_url":"https:\/\/isoseg.com.br\/rastreador\/logar\/","og_site_name":"Rastreador","article_publisher":"https:\/\/www.instagram.com\/isoseg.rastreador","article_modified_time":"2025-09-22T23:15:56+00:00","og_image":[{"width":922,"height":922,"url":"https:\/\/isoseg.com.br\/rastreador\/wp-content\/uploads\/2022\/10\/0-logo-3.png","type":"image\/png"}],"twitter_card":"summary_large_image","twitter_misc":{"Est. reading time":"1 minute"},"schema":{"@context":"https:\/\/schema.org","@graph":[{"@type":"WebPage","@id":"https:\/\/isoseg.com.br\/rastreador\/logar\/","url":"https:\/\/isoseg.com.br\/rastreador\/logar\/","name":"Logar - Rastreador","isPartOf":{"@id":"https:\/\/isoseg.com.br\/rastreador\/#website"},"primaryImageOfPage":{"@id":"https:\/\/isoseg.com.br\/rastreador\/logar\/#primaryimage"},"image":{"@id":"https:\/\/isoseg.com.br\/rastreador\/logar\/#primaryimage"},"thumbnailUrl":"https:\/\/isoseg.com.br\/rastreador\/wp-content\/uploads\/2022\/10\/0-logo-3.png","datePublished":"2024-08-15T13:37:21+00:00","dateModified":"2025-09-22T23:15:56+00:00","breadcrumb":{"@id":"https:\/\/isoseg.com.br\/rastreador\/logar\/#breadcrumb"},"inLanguage":"en-US","potentialAction":[{"@type":"ReadAction","target":["https:\/\/isoseg.com.br\/rastreador\/logar\/"]}]},{"@type":"ImageObject","inLanguage":"en-US","@id":"https:\/\/isoseg.com.br\/rastreador\/logar\/#primaryimage","url":"https:\/\/isoseg.com.br\/rastreador\/wp-content\/uploads\/2022\/10\/0-logo-3.png","contentUrl":"https:\/\/isoseg.com.br\/rastreador\/wp-content\/uploads\/2022\/10\/0-logo-3.png","width":922,"height":922},{"@type":"BreadcrumbList","@id":"https:\/\/isoseg.com.br\/rastreador\/logar\/#breadcrumb","itemListElement":[{"@type":"ListItem","position":1,"name":"Home","item":"https:\/\/isoseg.com.br\/rastreador\/"},{"@type":"ListItem","position":2,"name":"Logar"}]},{"@type":"WebSite","@id":"https:\/\/isoseg.com.br\/rastreador\/#website","url":"https:\/\/isoseg.com.br\/rastreador\/","name":"Rastreador Veicular Iso Seg","description":"Rastreador veicular, Bloqueador veicular, Rastreador","publisher":{"@id":"https:\/\/isoseg.com.br\/rastreador\/#organization"},"alternateName":"Iso Seg Rastreador","potentialAction":[{"@type":"SearchAction","target":{"@type":"EntryPoint","urlTemplate":"https:\/\/isoseg.com.br\/rastreador\/?s={search_term_string}"},"query-input":{"@type":"PropertyValueSpecification","valueRequired":true,"valueName":"search_term_string"}}],"inLanguage":"en-US"},{"@type":"Organization","@id":"https:\/\/isoseg.com.br\/rastreador\/#organization","name":"Rastreador Iso Seg","alternateName":"Rastreador Veicular Iso Seg","url":"https:\/\/isoseg.com.br\/rastreador\/","logo":{"@type":"ImageObject","inLanguage":"en-US","@id":"https:\/\/isoseg.com.br\/rastreador\/#\/schema\/logo\/image\/","url":"https:\/\/isoseg.com.br\/rastreador\/wp-content\/uploads\/2022\/10\/0-logo-3.png","contentUrl":"https:\/\/isoseg.com.br\/rastreador\/wp-content\/uploads\/2022\/10\/0-logo-3.png","width":922,"height":922,"caption":"Rastreador Iso Seg"},"image":{"@id":"https:\/\/isoseg.com.br\/rastreador\/#\/schema\/logo\/image\/"},"sameAs":["https:\/\/www.instagram.com\/isoseg.rastreador"]}]}},"_hostinger_reach_plugin_has_subscription_block":false,"_hostinger_reach_plugin_is_elementor":false,"_links":{"self":[{"href":"https:\/\/isoseg.com.br\/rastreador\/wp-json\/wp\/v2\/pages\/3742","targetHints":{"allow":["GET"]}}],"collection":[{"href":"https:\/\/isoseg.com.br\/rastreador\/wp-json\/wp\/v2\/pages"}],"about":[{"href":"https:\/\/isoseg.com.br\/rastreador\/wp-json\/wp\/v2\/types\/page"}],"author":[{"embeddable":true,"href":"https:\/\/isoseg.com.br\/rastreador\/wp-json\/wp\/v2\/users\/4"}],"replies":[{"embeddable":true,"href":"https:\/\/isoseg.com.br\/rastreador\/wp-json\/wp\/v2\/comments?post=3742"}],"version-history":[{"count":270,"href":"https:\/\/isoseg.com.br\/rastreador\/wp-json\/wp\/v2\/pages\/3742\/revisions"}],"predecessor-version":[{"id":14990,"href":"https:\/\/isoseg.com.br\/rastreador\/wp-json\/wp\/v2\/pages\/3742\/revisions\/14990"}],"wp:attachment":[{"href":"https:\/\/isoseg.com.br\/rastreador\/wp-json\/wp\/v2\/media?parent=3742"}],"curies":[{"name":"wp","href":"https:\/\/api.w.org\/{rel}","templated":true}]}}