{"id":9980,"date":"2024-10-24T12:26:25","date_gmt":"2024-10-24T15:26:25","guid":{"rendered":"https:\/\/isoseg.com.br\/rastreador\/?page_id=9980"},"modified":"2025-04-17T20:37:01","modified_gmt":"2025-04-17T23:37:01","slug":"ja-sou-cliente","status":"publish","type":"page","link":"https:\/\/isoseg.com.br\/rastreador\/ja-sou-cliente\/","title":{"rendered":"J\u00e1 sou cliente"},"content":{"rendered":"\t\t<div data-elementor-type=\"wp-page\" data-elementor-id=\"9980\" class=\"elementor elementor-9980\" data-elementor-post-type=\"page\">\n\t\t\t\t<div data-dce-background-overlay-color=\"#000000\" data-dce-background-image-url=\"https:\/\/isoseg.com.br\/rastreador\/wp-content\/uploads\/2024\/10\/BANNER-5.png\" class=\"elementor-element elementor-element-39a39a2 e-flex e-con-boxed e-con e-parent\" data-id=\"39a39a2\" data-element_type=\"container\" data-settings=\"{&quot;background_background&quot;:&quot;classic&quot;,&quot;background_motion_fx_motion_fx_mouse&quot;:&quot;yes&quot;,&quot;background_motion_fx_mouseTrack_effect&quot;:&quot;yes&quot;,&quot;background_motion_fx_mouseTrack_speed&quot;:{&quot;unit&quot;:&quot;px&quot;,&quot;size&quot;:1,&quot;sizes&quot;:[]}}\">\n\t\t\t\t\t<div class=\"e-con-inner\">\n\t\t<div class=\"elementor-element elementor-element-771a2bd e-con-full animated-slow e-flex elementor-invisible e-con e-child\" data-id=\"771a2bd\" data-element_type=\"container\" data-settings=\"{&quot;animation&quot;:&quot;zoomIn&quot;}\">\n\t\t\t\t<div class=\"elementor-element elementor-element-058e8cd elementor-widget__width-inherit elementor-widget elementor-widget-text-editor\" data-id=\"058e8cd\" data-element_type=\"widget\" data-widget_type=\"text-editor.default\">\n\t\t\t\t<div class=\"elementor-widget-container\">\n\t\t\t<style>\/*! elementor - v3.23.0 - 05-08-2024 *\/\n.elementor-widget-text-editor.elementor-drop-cap-view-stacked .elementor-drop-cap{background-color:#69727d;color:#fff}.elementor-widget-text-editor.elementor-drop-cap-view-framed .elementor-drop-cap{color:#69727d;border:3px solid;background-color:transparent}.elementor-widget-text-editor:not(.elementor-drop-cap-view-default) .elementor-drop-cap{margin-top:8px}.elementor-widget-text-editor:not(.elementor-drop-cap-view-default) .elementor-drop-cap-letter{width:1em;height:1em}.elementor-widget-text-editor .elementor-drop-cap{float:left;text-align:center;line-height:1;font-size:50px}.elementor-widget-text-editor .elementor-drop-cap-letter{display:inline-block}<\/style>\t\t\t\t<p>j\u00e1 \u00e9 nosso <span style=\"color: #d80000;\">cliente <\/span>?<\/p>\t\t\t\t\t\t<\/div>\n\t\t\t\t<\/div>\n\t\t<div class=\"elementor-element elementor-element-e287ea0 e-con-full e-flex e-con e-child\" data-id=\"e287ea0\" data-element_type=\"container\">\n\t\t<div class=\"elementor-element elementor-element-1b1ae8c e-con-full e-flex e-con e-child\" data-id=\"1b1ae8c\" data-element_type=\"container\">\n\t\t\t\t<div class=\"elementor-element elementor-element-c7a3c59 elementor-view-default elementor-widget elementor-widget-icon\" data-id=\"c7a3c59\" data-element_type=\"widget\" data-widget_type=\"icon.default\">\n\t\t\t\t<div class=\"elementor-widget-container\">\n\t\t\t\t\t<div class=\"elementor-icon-wrapper\">\n\t\t\t<div class=\"elementor-icon\">\n\t\t\t<svg aria-hidden=\"true\" class=\"e-font-icon-svg e-fas-search-location\" viewBox=\"0 0 512 512\" xmlns=\"http:\/\/www.w3.org\/2000\/svg\"><path d=\"M505.04 442.66l-99.71-99.69c-4.5-4.5-10.6-7-17-7h-16.3c27.6-35.3 44-79.69 44-127.99C416.03 93.09 322.92 0 208.02 0S0 93.09 0 207.98s93.11 207.98 208.02 207.98c48.3 0 92.71-16.4 128.01-44v16.3c0 6.4 2.5 12.5 7 17l99.71 99.69c9.4 9.4 24.6 9.4 33.9 0l28.3-28.3c9.4-9.4 9.4-24.59.1-33.99zm-297.02-90.7c-79.54 0-144-64.34-144-143.98 0-79.53 64.35-143.98 144-143.98 79.54 0 144 64.34 144 143.98 0 79.53-64.35 143.98-144 143.98zm.02-239.96c-40.78 0-73.84 33.05-73.84 73.83 0 32.96 48.26 93.05 66.75 114.86a9.24 9.24 0 0 0 14.18 0c18.49-21.81 66.75-81.89 66.75-114.86 0-40.78-33.06-73.83-73.84-73.83zm0 96c-13.26 0-24-10.75-24-24 0-13.26 10.75-24 24-24s24 10.74 24 24c0 13.25-10.75 24-24 24z\"><\/path><\/svg>\t\t\t<\/div>\n\t\t<\/div>\n\t\t\t\t<\/div>\n\t\t\t\t<\/div>\n\t\t\t\t<div data-dce-background-color=\"#D8000000\" class=\"elementor-element elementor-element-3a7a6dd elementor-align-center animated-slow elementor-invisible elementor-widget elementor-widget-button\" data-id=\"3a7a6dd\" data-element_type=\"widget\" data-settings=\"{&quot;_animation&quot;:&quot;zoomIn&quot;,&quot;_animation_delay&quot;:300}\" data-widget_type=\"button.default\">\n\t\t\t\t<div class=\"elementor-widget-container\">\n\t\t\t\t\t<div class=\"elementor-button-wrapper\">\n\t\t\t<a class=\"elementor-button elementor-button-link elementor-size-sm elementor-animation-float\" href=\"https:\/\/acessoisoseg.com.br\/\" target=\"_blank\">\n\t\t\t\t\t\t<span class=\"elementor-button-content-wrapper\">\n\t\t\t\t\t\t\t\t\t<span class=\"elementor-button-text\">Localize seu ve\u00edculo<\/span>\n\t\t\t\t\t<\/span>\n\t\t\t\t\t<\/a>\n\t\t<\/div>\n\t\t\t\t<\/div>\n\t\t\t\t<\/div>\n\t\t\t\t<\/div>\n\t\t<div class=\"elementor-element elementor-element-0548722 e-con-full e-flex e-con e-child\" data-id=\"0548722\" data-element_type=\"container\">\n\t\t\t\t<div class=\"elementor-element elementor-element-20b2314 elementor-view-default elementor-widget elementor-widget-icon\" data-id=\"20b2314\" data-element_type=\"widget\" data-widget_type=\"icon.default\">\n\t\t\t\t<div class=\"elementor-widget-container\">\n\t\t\t\t\t<div class=\"elementor-icon-wrapper\">\n\t\t\t<div class=\"elementor-icon\">\n\t\t\t<svg aria-hidden=\"true\" class=\"e-font-icon-svg e-fas-phone-volume\" viewBox=\"0 0 384 512\" xmlns=\"http:\/\/www.w3.org\/2000\/svg\"><path d=\"M97.333 506.966c-129.874-129.874-129.681-340.252 0-469.933 5.698-5.698 14.527-6.632 21.263-2.422l64.817 40.513a17.187 17.187 0 0 1 6.849 20.958l-32.408 81.021a17.188 17.188 0 0 1-17.669 10.719l-55.81-5.58c-21.051 58.261-20.612 122.471 0 179.515l55.811-5.581a17.188 17.188 0 0 1 17.669 10.719l32.408 81.022a17.188 17.188 0 0 1-6.849 20.958l-64.817 40.513a17.19 17.19 0 0 1-21.264-2.422zM247.126 95.473c11.832 20.047 11.832 45.008 0 65.055-3.95 6.693-13.108 7.959-18.718 2.581l-5.975-5.726c-3.911-3.748-4.793-9.622-2.261-14.41a32.063 32.063 0 0 0 0-29.945c-2.533-4.788-1.65-10.662 2.261-14.41l5.975-5.726c5.61-5.378 14.768-4.112 18.718 2.581zm91.787-91.187c60.14 71.604 60.092 175.882 0 247.428-4.474 5.327-12.53 5.746-17.552.933l-5.798-5.557c-4.56-4.371-4.977-11.529-.93-16.379 49.687-59.538 49.646-145.933 0-205.422-4.047-4.85-3.631-12.008.93-16.379l5.798-5.557c5.022-4.813 13.078-4.394 17.552.933zm-45.972 44.941c36.05 46.322 36.108 111.149 0 157.546-4.39 5.641-12.697 6.251-17.856 1.304l-5.818-5.579c-4.4-4.219-4.998-11.095-1.285-15.931 26.536-34.564 26.534-82.572 0-117.134-3.713-4.836-3.115-11.711 1.285-15.931l5.818-5.579c5.159-4.947 13.466-4.337 17.856 1.304z\"><\/path><\/svg>\t\t\t<\/div>\n\t\t<\/div>\n\t\t\t\t<\/div>\n\t\t\t\t<\/div>\n\t\t\t\t<div data-dce-background-color=\"#D8000000\" class=\"elementor-element elementor-element-6d95e09 elementor-align-center animated-slow elementor-invisible elementor-widget elementor-widget-button\" data-id=\"6d95e09\" data-element_type=\"widget\" data-settings=\"{&quot;_animation&quot;:&quot;zoomIn&quot;,&quot;_animation_delay&quot;:300}\" data-widget_type=\"button.default\">\n\t\t\t\t<div class=\"elementor-widget-container\">\n\t\t\t\t\t<div class=\"elementor-button-wrapper\">\n\t\t\t<a class=\"elementor-button elementor-button-link elementor-size-sm elementor-animation-float\" href=\"tel:0800%20712%203000\" target=\"_blank\">\n\t\t\t\t\t\t<span class=\"elementor-button-content-wrapper\">\n\t\t\t\t\t\t\t\t\t<span class=\"elementor-button-text\">Acionar Assist\u00eancia <\/br>24 Horas<\/span>\n\t\t\t\t\t<\/span>\n\t\t\t\t\t<\/a>\n\t\t<\/div>\n\t\t\t\t<\/div>\n\t\t\t\t<\/div>\n\t\t\t\t<\/div>\n\t\t<div class=\"elementor-element elementor-element-73880ca e-con-full e-flex e-con e-child\" data-id=\"73880ca\" data-element_type=\"container\">\n\t\t\t\t<div class=\"elementor-element elementor-element-bb01c61 elementor-view-default elementor-widget elementor-widget-icon\" data-id=\"bb01c61\" data-element_type=\"widget\" data-widget_type=\"icon.default\">\n\t\t\t\t<div class=\"elementor-widget-container\">\n\t\t\t\t\t<div class=\"elementor-icon-wrapper\">\n\t\t\t<div class=\"elementor-icon\">\n\t\t\t<svg aria-hidden=\"true\" class=\"e-font-icon-svg e-fas-headset\" viewBox=\"0 0 512 512\" xmlns=\"http:\/\/www.w3.org\/2000\/svg\"><path d=\"M192 208c0-17.67-14.33-32-32-32h-16c-35.35 0-64 28.65-64 64v48c0 35.35 28.65 64 64 64h16c17.67 0 32-14.33 32-32V208zm176 144c35.35 0 64-28.65 64-64v-48c0-35.35-28.65-64-64-64h-16c-17.67 0-32 14.33-32 32v112c0 17.67 14.33 32 32 32h16zM256 0C113.18 0 4.58 118.83 0 256v16c0 8.84 7.16 16 16 16h16c8.84 0 16-7.16 16-16v-16c0-114.69 93.31-208 208-208s208 93.31 208 208h-.12c.08 2.43.12 165.72.12 165.72 0 23.35-18.93 42.28-42.28 42.28H320c0-26.51-21.49-48-48-48h-32c-26.51 0-48 21.49-48 48s21.49 48 48 48h181.72c49.86 0 90.28-40.42 90.28-90.28V256C507.42 118.83 398.82 0 256 0z\"><\/path><\/svg>\t\t\t<\/div>\n\t\t<\/div>\n\t\t\t\t<\/div>\n\t\t\t\t<\/div>\n\t\t\t\t<div data-dce-background-color=\"#D8000000\" class=\"elementor-element elementor-element-5bbd4db elementor-align-center animated-slow elementor-invisible elementor-widget elementor-widget-button\" data-id=\"5bbd4db\" data-element_type=\"widget\" data-settings=\"{&quot;_animation&quot;:&quot;zoomIn&quot;,&quot;_animation_delay&quot;:300}\" data-widget_type=\"button.default\">\n\t\t\t\t<div class=\"elementor-widget-container\">\n\t\t\t\t\t<div class=\"elementor-button-wrapper\">\n\t\t\t<a class=\"elementor-button elementor-button-link elementor-size-sm elementor-animation-float\" href=\"https:\/\/isoseg.com.br\/rastreador\/ja-sou-cliente\/\" target=\"_blank\">\n\t\t\t\t\t\t<span class=\"elementor-button-content-wrapper\">\n\t\t\t\t\t\t\t\t\t<span class=\"elementor-button-text\">Suporte T\u00e9cnico<\/span>\n\t\t\t\t\t<\/span>\n\t\t\t\t\t<\/a>\n\t\t<\/div>\n\t\t\t\t<\/div>\n\t\t\t\t<\/div>\n\t\t\t\t<\/div>\n\t\t\t\t<\/div>\n\t\t<div class=\"elementor-element elementor-element-8692c13 e-con-full e-flex e-con e-child\" data-id=\"8692c13\" data-element_type=\"container\">\n\t\t<div class=\"elementor-element elementor-element-8a4f85a e-con-full e-flex e-con e-child\" data-id=\"8a4f85a\" data-element_type=\"container\">\n\t\t\t\t<div class=\"elementor-element elementor-element-5fdc18a elementor-view-default elementor-widget elementor-widget-icon\" data-id=\"5fdc18a\" data-element_type=\"widget\" data-widget_type=\"icon.default\">\n\t\t\t\t<div class=\"elementor-widget-container\">\n\t\t\t\t\t<div class=\"elementor-icon-wrapper\">\n\t\t\t<div class=\"elementor-icon\">\n\t\t\t<svg aria-hidden=\"true\" class=\"e-font-icon-svg e-fas-barcode\" viewBox=\"0 0 512 512\" xmlns=\"http:\/\/www.w3.org\/2000\/svg\"><path d=\"M0 448V64h18v384H0zm26.857-.273V64H36v383.727h-9.143zm27.143 0V64h8.857v383.727H54zm44.857 0V64h8.857v383.727h-8.857zm36 0V64h17.714v383.727h-17.714zm44.857 0V64h8.857v383.727h-8.857zm18 0V64h8.857v383.727h-8.857zm18 0V64h8.857v383.727h-8.857zm35.715 0V64h18v383.727h-18zm44.857 0V64h18v383.727h-18zm35.999 0V64h18.001v383.727h-18.001zm36.001 0V64h18.001v383.727h-18.001zm26.857 0V64h18v383.727h-18zm45.143 0V64h26.857v383.727h-26.857zm35.714 0V64h9.143v383.727H476zm18 .273V64h18v384h-18z\"><\/path><\/svg>\t\t\t<\/div>\n\t\t<\/div>\n\t\t\t\t<\/div>\n\t\t\t\t<\/div>\n\t\t\t\t<div data-dce-background-color=\"#D8000000\" class=\"elementor-element elementor-element-0620560 elementor-align-center animated-slow elementor-invisible elementor-widget elementor-widget-button\" data-id=\"0620560\" data-element_type=\"widget\" data-settings=\"{&quot;_animation&quot;:&quot;zoomIn&quot;,&quot;_animation_delay&quot;:300}\" data-widget_type=\"button.default\">\n\t\t\t\t<div class=\"elementor-widget-container\">\n\t\t\t\t\t<div class=\"elementor-button-wrapper\">\n\t\t\t<a class=\"elementor-button elementor-button-link elementor-size-sm elementor-animation-float\" href=\"https:\/\/api.whatsapp.com\/send?phone=5519976159985\" target=\"_blank\">\n\t\t\t\t\t\t<span class=\"elementor-button-content-wrapper\">\n\t\t\t\t\t\t\t\t\t<span class=\"elementor-button-text\">Solicitar 2\u00aa via do Boleto<\/span>\n\t\t\t\t\t<\/span>\n\t\t\t\t\t<\/a>\n\t\t<\/div>\n\t\t\t\t<\/div>\n\t\t\t\t<\/div>\n\t\t\t\t<\/div>\n\t\t<div class=\"elementor-element elementor-element-850fea1 e-con-full e-flex e-con e-child\" data-id=\"850fea1\" data-element_type=\"container\">\n\t\t\t\t<div class=\"elementor-element elementor-element-245acbc elementor-view-default elementor-widget elementor-widget-icon\" data-id=\"245acbc\" data-element_type=\"widget\" data-widget_type=\"icon.default\">\n\t\t\t\t<div class=\"elementor-widget-container\">\n\t\t\t\t\t<div class=\"elementor-icon-wrapper\">\n\t\t\t<div class=\"elementor-icon\">\n\t\t\t<svg aria-hidden=\"true\" class=\"e-font-icon-svg e-fas-comments\" viewBox=\"0 0 576 512\" xmlns=\"http:\/\/www.w3.org\/2000\/svg\"><path d=\"M416 192c0-88.4-93.1-160-208-160S0 103.6 0 192c0 34.3 14.1 65.9 38 92-13.4 30.2-35.5 54.2-35.8 54.5-2.2 2.3-2.8 5.7-1.5 8.7S4.8 352 8 352c36.6 0 66.9-12.3 88.7-25 32.2 15.7 70.3 25 111.3 25 114.9 0 208-71.6 208-160zm122 220c23.9-26 38-57.7 38-92 0-66.9-53.5-124.2-129.3-148.1.9 6.6 1.3 13.3 1.3 20.1 0 105.9-107.7 192-240 192-10.8 0-21.3-.8-31.7-1.9C207.8 439.6 281.8 480 368 480c41 0 79.1-9.2 111.3-25 21.8 12.7 52.1 25 88.7 25 3.2 0 6.1-1.9 7.3-4.8 1.3-2.9.7-6.3-1.5-8.7-.3-.3-22.4-24.2-35.8-54.5z\"><\/path><\/svg>\t\t\t<\/div>\n\t\t<\/div>\n\t\t\t\t<\/div>\n\t\t\t\t<\/div>\n\t\t\t\t<div data-dce-background-color=\"#D8000000\" class=\"elementor-element elementor-element-87b5cea elementor-align-center animated-slow elementor-invisible elementor-widget elementor-widget-button\" data-id=\"87b5cea\" data-element_type=\"widget\" data-settings=\"{&quot;_animation&quot;:&quot;zoomIn&quot;,&quot;_animation_delay&quot;:300}\" data-widget_type=\"button.default\">\n\t\t\t\t<div class=\"elementor-widget-container\">\n\t\t\t\t\t<div class=\"elementor-button-wrapper\">\n\t\t\t<a class=\"elementor-button elementor-button-link elementor-size-sm elementor-animation-float\" href=\"https:\/\/isoseg.com.br\/rastreador\/sobre-assistencia-24-horas\/\" target=\"_blank\">\n\t\t\t\t\t\t<span class=\"elementor-button-content-wrapper\">\n\t\t\t\t\t\t\t\t\t<span class=\"elementor-button-text\">D\u00favidas sobre assist\u00eancia 24 horas<\/span>\n\t\t\t\t\t<\/span>\n\t\t\t\t\t<\/a>\n\t\t<\/div>\n\t\t\t\t<\/div>\n\t\t\t\t<\/div>\n\t\t\t\t<\/div>\n\t\t\t\t<\/div>\n\t\t\t\t<\/div>\n\t\t\t\t\t<\/div>\n\t\t\t\t<\/div>\n\t\t\t\t<\/div>\n\t\t","protected":false},"excerpt":{"rendered":"<p>j\u00e1 \u00e9 nosso cliente ? Localize seu ve\u00edculo Acionar Assist\u00eancia 24 Horas Suporte T\u00e9cnico Solicitar 2\u00aa via do Boleto D\u00favidas sobre assist\u00eancia 24 horas Download do manual da assist\u00eancia 24 horas Adicionar ve\u00edculo Transferir para outro cliente Transferir para outro ve\u00edculo<\/p>\n","protected":false},"author":4,"featured_media":0,"parent":0,"menu_order":0,"comment_status":"closed","ping_status":"closed","template":"","meta":{"_acf_changed":false,"om_disable_all_campaigns":false,"_monsterinsights_skip_tracking":false,"_monsterinsights_sitenote_active":false,"_monsterinsights_sitenote_note":"","_monsterinsights_sitenote_category":0,"footnotes":""},"class_list":["post-9980","page","type-page","status-publish","hentry"],"acf":[],"yoast_head":"<!-- This site is optimized with the Yoast SEO plugin v23.6 - https:\/\/yoast.com\/wordpress\/plugins\/seo\/ -->\n<title>J\u00e1 sou cliente - Rastreador<\/title>\n<meta name=\"robots\" content=\"index, follow, max-snippet:-1, max-image-preview:large, max-video-preview:-1\" \/>\n<meta property=\"og:locale\" content=\"en_US\" \/>\n<meta property=\"og:type\" content=\"article\" \/>\n<meta property=\"og:title\" content=\"J\u00e1 sou cliente - Rastreador\" \/>\n<meta property=\"og:description\" content=\"j\u00e1 \u00e9 nosso cliente ? Localize seu ve\u00edculo Acionar Assist\u00eancia 24 Horas Suporte T\u00e9cnico Solicitar 2\u00aa via do Boleto D\u00favidas sobre assist\u00eancia 24 horas Download do manual da assist\u00eancia 24 horas Adicionar ve\u00edculo Transferir para outro cliente Transferir para outro ve\u00edculo\" \/>\n<meta property=\"og:url\" content=\"https:\/\/isoseg.com.br\/rastreador\/ja-sou-cliente\/\" \/>\n<meta property=\"og:site_name\" content=\"Rastreador\" \/>\n<meta property=\"article:publisher\" content=\"https:\/\/www.instagram.com\/isoseg.rastreador\" \/>\n<meta property=\"article:modified_time\" content=\"2025-04-17T23:37:01+00:00\" \/>\n<meta property=\"og:image\" content=\"https:\/\/isoseg.com.br\/rastreador\/wp-content\/uploads\/2024\/08\/iso-seg-rastreador-veiculuar-para-imagens-nao-definidas-2.png\" \/>\n\t<meta property=\"og:image:width\" content=\"1200\" \/>\n\t<meta property=\"og:image:height\" content=\"675\" \/>\n\t<meta property=\"og:image:type\" content=\"image\/png\" \/>\n<meta name=\"twitter:card\" content=\"summary_large_image\" \/>\n<meta name=\"twitter:label1\" content=\"Est. reading time\" \/>\n\t<meta name=\"twitter:data1\" content=\"1 minute\" \/>\n<script type=\"application\/ld+json\" class=\"yoast-schema-graph\">{\"@context\":\"https:\/\/schema.org\",\"@graph\":[{\"@type\":\"WebPage\",\"@id\":\"https:\/\/isoseg.com.br\/rastreador\/ja-sou-cliente\/\",\"url\":\"https:\/\/isoseg.com.br\/rastreador\/ja-sou-cliente\/\",\"name\":\"J\u00e1 sou cliente - Rastreador\",\"isPartOf\":{\"@id\":\"https:\/\/isoseg.com.br\/rastreador\/#website\"},\"datePublished\":\"2024-10-24T15:26:25+00:00\",\"dateModified\":\"2025-04-17T23:37:01+00:00\",\"breadcrumb\":{\"@id\":\"https:\/\/isoseg.com.br\/rastreador\/ja-sou-cliente\/#breadcrumb\"},\"inLanguage\":\"en-US\",\"potentialAction\":[{\"@type\":\"ReadAction\",\"target\":[\"https:\/\/isoseg.com.br\/rastreador\/ja-sou-cliente\/\"]}]},{\"@type\":\"BreadcrumbList\",\"@id\":\"https:\/\/isoseg.com.br\/rastreador\/ja-sou-cliente\/#breadcrumb\",\"itemListElement\":[{\"@type\":\"ListItem\",\"position\":1,\"name\":\"Home\",\"item\":\"https:\/\/isoseg.com.br\/rastreador\/\"},{\"@type\":\"ListItem\",\"position\":2,\"name\":\"J\u00e1 sou cliente\"}]},{\"@type\":\"WebSite\",\"@id\":\"https:\/\/isoseg.com.br\/rastreador\/#website\",\"url\":\"https:\/\/isoseg.com.br\/rastreador\/\",\"name\":\"Rastreador Veicular Iso Seg\",\"description\":\"Rastreador veicular, Bloqueador veicular, Rastreador\",\"publisher\":{\"@id\":\"https:\/\/isoseg.com.br\/rastreador\/#organization\"},\"alternateName\":\"Iso Seg Rastreador\",\"potentialAction\":[{\"@type\":\"SearchAction\",\"target\":{\"@type\":\"EntryPoint\",\"urlTemplate\":\"https:\/\/isoseg.com.br\/rastreador\/?s={search_term_string}\"},\"query-input\":{\"@type\":\"PropertyValueSpecification\",\"valueRequired\":true,\"valueName\":\"search_term_string\"}}],\"inLanguage\":\"en-US\"},{\"@type\":\"Organization\",\"@id\":\"https:\/\/isoseg.com.br\/rastreador\/#organization\",\"name\":\"Rastreador Iso Seg\",\"alternateName\":\"Rastreador Veicular Iso Seg\",\"url\":\"https:\/\/isoseg.com.br\/rastreador\/\",\"logo\":{\"@type\":\"ImageObject\",\"inLanguage\":\"en-US\",\"@id\":\"https:\/\/isoseg.com.br\/rastreador\/#\/schema\/logo\/image\/\",\"url\":\"https:\/\/isoseg.com.br\/rastreador\/wp-content\/uploads\/2022\/10\/0-logo-3.png\",\"contentUrl\":\"https:\/\/isoseg.com.br\/rastreador\/wp-content\/uploads\/2022\/10\/0-logo-3.png\",\"width\":922,\"height\":922,\"caption\":\"Rastreador Iso Seg\"},\"image\":{\"@id\":\"https:\/\/isoseg.com.br\/rastreador\/#\/schema\/logo\/image\/\"},\"sameAs\":[\"https:\/\/www.instagram.com\/isoseg.rastreador\"]}]}<\/script>\n<!-- \/ Yoast SEO plugin. -->","yoast_head_json":{"title":"J\u00e1 sou cliente - Rastreador","robots":{"index":"index","follow":"follow","max-snippet":"max-snippet:-1","max-image-preview":"max-image-preview:large","max-video-preview":"max-video-preview:-1"},"og_locale":"en_US","og_type":"article","og_title":"J\u00e1 sou cliente - Rastreador","og_description":"j\u00e1 \u00e9 nosso cliente ? Localize seu ve\u00edculo Acionar Assist\u00eancia 24 Horas Suporte T\u00e9cnico Solicitar 2\u00aa via do Boleto D\u00favidas sobre assist\u00eancia 24 horas Download do manual da assist\u00eancia 24 horas Adicionar ve\u00edculo Transferir para outro cliente Transferir para outro ve\u00edculo","og_url":"https:\/\/isoseg.com.br\/rastreador\/ja-sou-cliente\/","og_site_name":"Rastreador","article_publisher":"https:\/\/www.instagram.com\/isoseg.rastreador","article_modified_time":"2025-04-17T23:37:01+00:00","og_image":[{"width":1200,"height":675,"url":"https:\/\/isoseg.com.br\/rastreador\/wp-content\/uploads\/2024\/08\/iso-seg-rastreador-veiculuar-para-imagens-nao-definidas-2.png","type":"image\/png"}],"twitter_card":"summary_large_image","twitter_misc":{"Est. reading time":"1 minute"},"schema":{"@context":"https:\/\/schema.org","@graph":[{"@type":"WebPage","@id":"https:\/\/isoseg.com.br\/rastreador\/ja-sou-cliente\/","url":"https:\/\/isoseg.com.br\/rastreador\/ja-sou-cliente\/","name":"J\u00e1 sou cliente - Rastreador","isPartOf":{"@id":"https:\/\/isoseg.com.br\/rastreador\/#website"},"datePublished":"2024-10-24T15:26:25+00:00","dateModified":"2025-04-17T23:37:01+00:00","breadcrumb":{"@id":"https:\/\/isoseg.com.br\/rastreador\/ja-sou-cliente\/#breadcrumb"},"inLanguage":"en-US","potentialAction":[{"@type":"ReadAction","target":["https:\/\/isoseg.com.br\/rastreador\/ja-sou-cliente\/"]}]},{"@type":"BreadcrumbList","@id":"https:\/\/isoseg.com.br\/rastreador\/ja-sou-cliente\/#breadcrumb","itemListElement":[{"@type":"ListItem","position":1,"name":"Home","item":"https:\/\/isoseg.com.br\/rastreador\/"},{"@type":"ListItem","position":2,"name":"J\u00e1 sou cliente"}]},{"@type":"WebSite","@id":"https:\/\/isoseg.com.br\/rastreador\/#website","url":"https:\/\/isoseg.com.br\/rastreador\/","name":"Rastreador Veicular Iso Seg","description":"Rastreador veicular, Bloqueador veicular, Rastreador","publisher":{"@id":"https:\/\/isoseg.com.br\/rastreador\/#organization"},"alternateName":"Iso Seg Rastreador","potentialAction":[{"@type":"SearchAction","target":{"@type":"EntryPoint","urlTemplate":"https:\/\/isoseg.com.br\/rastreador\/?s={search_term_string}"},"query-input":{"@type":"PropertyValueSpecification","valueRequired":true,"valueName":"search_term_string"}}],"inLanguage":"en-US"},{"@type":"Organization","@id":"https:\/\/isoseg.com.br\/rastreador\/#organization","name":"Rastreador Iso Seg","alternateName":"Rastreador Veicular Iso Seg","url":"https:\/\/isoseg.com.br\/rastreador\/","logo":{"@type":"ImageObject","inLanguage":"en-US","@id":"https:\/\/isoseg.com.br\/rastreador\/#\/schema\/logo\/image\/","url":"https:\/\/isoseg.com.br\/rastreador\/wp-content\/uploads\/2022\/10\/0-logo-3.png","contentUrl":"https:\/\/isoseg.com.br\/rastreador\/wp-content\/uploads\/2022\/10\/0-logo-3.png","width":922,"height":922,"caption":"Rastreador Iso Seg"},"image":{"@id":"https:\/\/isoseg.com.br\/rastreador\/#\/schema\/logo\/image\/"},"sameAs":["https:\/\/www.instagram.com\/isoseg.rastreador"]}]}},"_hostinger_reach_plugin_has_subscription_block":false,"_hostinger_reach_plugin_is_elementor":false,"_links":{"self":[{"href":"https:\/\/isoseg.com.br\/rastreador\/wp-json\/wp\/v2\/pages\/9980","targetHints":{"allow":["GET"]}}],"collection":[{"href":"https:\/\/isoseg.com.br\/rastreador\/wp-json\/wp\/v2\/pages"}],"about":[{"href":"https:\/\/isoseg.com.br\/rastreador\/wp-json\/wp\/v2\/types\/page"}],"author":[{"embeddable":true,"href":"https:\/\/isoseg.com.br\/rastreador\/wp-json\/wp\/v2\/users\/4"}],"replies":[{"embeddable":true,"href":"https:\/\/isoseg.com.br\/rastreador\/wp-json\/wp\/v2\/comments?post=9980"}],"version-history":[{"count":73,"href":"https:\/\/isoseg.com.br\/rastreador\/wp-json\/wp\/v2\/pages\/9980\/revisions"}],"predecessor-version":[{"id":13002,"href":"https:\/\/isoseg.com.br\/rastreador\/wp-json\/wp\/v2\/pages\/9980\/revisions\/13002"}],"wp:attachment":[{"href":"https:\/\/isoseg.com.br\/rastreador\/wp-json\/wp\/v2\/media?parent=9980"}],"curies":[{"name":"wp","href":"https:\/\/api.w.org\/{rel}","templated":true}]}}