{"id":172,"date":"2024-08-09T18:59:55","date_gmt":"2024-08-09T18:59:55","guid":{"rendered":"https:\/\/isoseg.com.br\/sistemas\/?page_id=172"},"modified":"2024-08-21T22:34:57","modified_gmt":"2024-08-21T22:34:57","slug":"sobre-a-iso-seg","status":"publish","type":"page","link":"https:\/\/isoseg.com.br\/sistemas\/sobre-a-iso-seg\/","title":{"rendered":"Sobre a Iso Seg"},"content":{"rendered":"\t\t<div data-elementor-type=\"wp-page\" data-elementor-id=\"172\" class=\"elementor elementor-172\">\n\t\t\t\t\t\t\t\t\t<section class=\"elementor-section elementor-top-section elementor-element elementor-element-e3d42b6 elementor-section-boxed elementor-section-height-default elementor-section-height-default\" data-id=\"e3d42b6\" data-element_type=\"section\" data-settings=\"{&quot;background_background&quot;:&quot;classic&quot;}\">\n\t\t\t\t\t\t\t<div class=\"elementor-background-overlay\"><\/div>\n\t\t\t\t\t\t\t<div class=\"elementor-container elementor-column-gap-default\">\n\t\t\t\t\t<div class=\"elementor-column elementor-col-100 elementor-top-column elementor-element elementor-element-7c7442e\" data-id=\"7c7442e\" data-element_type=\"column\" data-settings=\"{&quot;background_background&quot;:&quot;classic&quot;}\">\n\t\t\t<div class=\"elementor-widget-wrap elementor-element-populated\">\n\t\t\t\t\t\t\t\t<div class=\"elementor-element elementor-element-be4a8f2 elementor-icon-list--layout-traditional elementor-list-item-link-full_width elementor-widget elementor-widget-icon-list\" data-id=\"be4a8f2\" data-element_type=\"widget\" data-widget_type=\"icon-list.default\">\n\t\t\t\t<div class=\"elementor-widget-container\">\n\t\t\t<link rel=\"stylesheet\" href=\"https:\/\/isoseg.com.br\/sistemas\/wp-content\/plugins\/elementor\/assets\/css\/widget-icon-list.min.css\">\t\t<ul class=\"elementor-icon-list-items\">\n\t\t\t\t\t\t\t<li class=\"elementor-icon-list-item\">\n\t\t\t\t\t\t\t\t\t\t\t<span class=\"elementor-icon-list-icon\">\n\t\t\t\t\t\t\t<i aria-hidden=\"true\" class=\"fas fa-angle-double-right\"><\/i>\t\t\t\t\t\t<\/span>\n\t\t\t\t\t\t\t\t\t\t<span class=\"elementor-icon-list-text\">Iso seg<\/span>\n\t\t\t\t\t\t\t\t\t<\/li>\n\t\t\t\t\t\t<\/ul>\n\t\t\t\t<\/div>\n\t\t\t\t<\/div>\n\t\t\t\t<div class=\"elementor-element elementor-element-e0d67a3 elementor-widget elementor-widget-text-editor\" data-id=\"e0d67a3\" data-element_type=\"widget\" data-widget_type=\"text-editor.default\">\n\t\t\t\t<div class=\"elementor-widget-container\">\n\t\t\t<style>\/*! elementor - v3.18.0 - 20-12-2023 *\/\n.elementor-widget-text-editor.elementor-drop-cap-view-stacked .elementor-drop-cap{background-color:#69727d;color:#fff}.elementor-widget-text-editor.elementor-drop-cap-view-framed .elementor-drop-cap{color:#69727d;border:3px solid;background-color:transparent}.elementor-widget-text-editor:not(.elementor-drop-cap-view-default) .elementor-drop-cap{margin-top:8px}.elementor-widget-text-editor:not(.elementor-drop-cap-view-default) .elementor-drop-cap-letter{width:1em;height:1em}.elementor-widget-text-editor .elementor-drop-cap{float:left;text-align:center;line-height:1;font-size:50px}.elementor-widget-text-editor .elementor-drop-cap-letter{display:inline-block}<\/style>\t\t\t\t<p>N\u00f3s da ISO SEG atuamos no ramo de seguran\u00e7a desde 1998. Contamos com um portf\u00f3lio de servi\u00e7os que inclui sistema de seguran\u00e7a por meio de c\u00e2meras de monitoramento, alarmes, cerca el\u00e9tricas, controle de acesso e port\u00e3o autom\u00e1tico para resid\u00eancias, com\u00e9rcios e empresas de grande, m\u00e9dio e pequeno porte.<\/p><p>Por\u00e9m, nossos servi\u00e7os no setor de seguran\u00e7a v\u00e3o al\u00e9m e tamb\u00e9m atuamos no seguimento de seguran\u00e7a de ve\u00edculos por meio de rastreador veicular e al\u00e9m disso, tamb\u00e9m oferecemos solu\u00e7\u00f5es para instala\u00e7\u00e3o el\u00e9trica residencial, comercial, empresarial e industrial e estendemos nosso servi\u00e7o de seguran\u00e7a para sistemas de computadores, realizando manuten\u00e7\u00e3o preventiva e corretiva de hardwares ou softwares,<\/p><p>Ou seja, oferecendo uma gama de servi\u00e7os que visa atender as mais diversas demandas e perfis de clientes. Nosso objetivo \u00e9 garantir a sua seguran\u00e7a e seguran\u00e7a do seu patrim\u00f4nio.<\/p>\t\t\t\t\t\t<\/div>\n\t\t\t\t<\/div>\n\t\t\t\t<div class=\"elementor-element elementor-element-3549264 elementor-widget elementor-widget-text-editor\" data-id=\"3549264\" data-element_type=\"widget\" data-widget_type=\"text-editor.default\">\n\t\t\t\t<div class=\"elementor-widget-container\">\n\t\t\t\t\t\t\t<p>Utilizamos equipamentos e solu\u00e7\u00f5es de \u00faltima gera\u00e7\u00e3o, de fornecedores consagrados. Visando sempre a melhor rela\u00e7\u00e3o custo\/benef\u00edcio aos nossos Clientes.<\/p>\t\t\t\t\t\t<\/div>\n\t\t\t\t<\/div>\n\t\t\t\t\t<\/div>\n\t\t<\/div>\n\t\t\t\t\t\t\t<\/div>\n\t\t<\/section>\n\t\t\t\t<section class=\"elementor-section elementor-top-section elementor-element elementor-element-1a315f6 elementor-section-boxed elementor-section-height-default elementor-section-height-default\" data-id=\"1a315f6\" data-element_type=\"section\" data-settings=\"{&quot;background_background&quot;:&quot;classic&quot;}\">\n\t\t\t\t\t\t<div class=\"elementor-container elementor-column-gap-default\">\n\t\t\t\t\t<div class=\"elementor-column elementor-col-100 elementor-top-column elementor-element elementor-element-a7da2bc\" data-id=\"a7da2bc\" data-element_type=\"column\">\n\t\t\t<div class=\"elementor-widget-wrap elementor-element-populated\">\n\t\t\t\t\t\t\t\t<section class=\"elementor-section elementor-inner-section elementor-element elementor-element-55fd849 elementor-section-boxed elementor-section-height-default elementor-section-height-default\" data-id=\"55fd849\" data-element_type=\"section\">\n\t\t\t\t\t\t<div class=\"elementor-container elementor-column-gap-default\">\n\t\t\t\t\t<div class=\"elementor-column elementor-col-100 elementor-inner-column elementor-element elementor-element-34a3996\" data-id=\"34a3996\" data-element_type=\"column\" data-settings=\"{&quot;background_background&quot;:&quot;classic&quot;}\">\n\t\t\t<div class=\"elementor-widget-wrap elementor-element-populated\">\n\t\t\t\t\t\t\t\t<div class=\"elementor-element elementor-element-1770aa2 elementor-view-default elementor-widget elementor-widget-icon\" data-id=\"1770aa2\" data-element_type=\"widget\" data-widget_type=\"icon.default\">\n\t\t\t\t<div class=\"elementor-widget-container\">\n\t\t\t\t\t<div class=\"elementor-icon-wrapper\">\n\t\t\t<div class=\"elementor-icon\">\n\t\t\t<i aria-hidden=\"true\" class=\"fas fa-rocket\"><\/i>\t\t\t<\/div>\n\t\t<\/div>\n\t\t\t\t<\/div>\n\t\t\t\t<\/div>\n\t\t\t\t<div class=\"elementor-element elementor-element-782d306 elementor-widget elementor-widget-heading\" data-id=\"782d306\" data-element_type=\"widget\" data-widget_type=\"heading.default\">\n\t\t\t\t<div class=\"elementor-widget-container\">\n\t\t\t<style>\/*! elementor - v3.18.0 - 20-12-2023 *\/\n.elementor-heading-title{padding:0;margin:0;line-height:1}.elementor-widget-heading .elementor-heading-title[class*=elementor-size-]>a{color:inherit;font-size:inherit;line-height:inherit}.elementor-widget-heading .elementor-heading-title.elementor-size-small{font-size:15px}.elementor-widget-heading .elementor-heading-title.elementor-size-medium{font-size:19px}.elementor-widget-heading .elementor-heading-title.elementor-size-large{font-size:29px}.elementor-widget-heading .elementor-heading-title.elementor-size-xl{font-size:39px}.elementor-widget-heading .elementor-heading-title.elementor-size-xxl{font-size:59px}<\/style><h2 class=\"elementor-heading-title elementor-size-default\">Mis\u00e3o<\/h2>\t\t<\/div>\n\t\t\t\t<\/div>\n\t\t\t\t<div class=\"elementor-element elementor-element-12d48da elementor-widget elementor-widget-text-editor\" data-id=\"12d48da\" data-element_type=\"widget\" data-widget_type=\"text-editor.default\">\n\t\t\t\t<div class=\"elementor-widget-container\">\n\t\t\t\t\t\t\t<p>Proporcionar solu\u00e7\u00f5es integradas e de alta tecnologia em seguran\u00e7a patrimonial, garantindo prote\u00e7\u00e3o e tranquilidade para resid\u00eancias, com\u00e9rcios e empresas de todos os portes.<\/p>\t\t\t\t\t\t<\/div>\n\t\t\t\t<\/div>\n\t\t\t\t\t<\/div>\n\t\t<\/div>\n\t\t\t\t\t\t\t<\/div>\n\t\t<\/section>\n\t\t\t\t<section class=\"elementor-section elementor-inner-section elementor-element elementor-element-6095413 elementor-section-boxed elementor-section-height-default elementor-section-height-default\" data-id=\"6095413\" data-element_type=\"section\">\n\t\t\t\t\t\t<div class=\"elementor-container elementor-column-gap-default\">\n\t\t\t\t\t<div class=\"elementor-column elementor-col-100 elementor-inner-column elementor-element elementor-element-abd741e\" data-id=\"abd741e\" data-element_type=\"column\" data-settings=\"{&quot;background_background&quot;:&quot;classic&quot;}\">\n\t\t\t<div class=\"elementor-widget-wrap elementor-element-populated\">\n\t\t\t\t\t\t\t\t<div class=\"elementor-element elementor-element-386a8de elementor-view-default elementor-widget elementor-widget-icon\" data-id=\"386a8de\" data-element_type=\"widget\" data-widget_type=\"icon.default\">\n\t\t\t\t<div class=\"elementor-widget-container\">\n\t\t\t\t\t<div class=\"elementor-icon-wrapper\">\n\t\t\t<div class=\"elementor-icon\">\n\t\t\t<i aria-hidden=\"true\" class=\"far fa-eye\"><\/i>\t\t\t<\/div>\n\t\t<\/div>\n\t\t\t\t<\/div>\n\t\t\t\t<\/div>\n\t\t\t\t<div class=\"elementor-element elementor-element-2e4f897 elementor-widget elementor-widget-heading\" data-id=\"2e4f897\" data-element_type=\"widget\" data-widget_type=\"heading.default\">\n\t\t\t\t<div class=\"elementor-widget-container\">\n\t\t\t<h2 class=\"elementor-heading-title elementor-size-default\">Vis\u00e3o<\/h2>\t\t<\/div>\n\t\t\t\t<\/div>\n\t\t\t\t<div class=\"elementor-element elementor-element-dd367b9 elementor-widget elementor-widget-text-editor\" data-id=\"dd367b9\" data-element_type=\"widget\" data-widget_type=\"text-editor.default\">\n\t\t\t\t<div class=\"elementor-widget-container\">\n\t\t\t\t\t\t\t<p>Nosso objetivo \u00e9 ser a refer\u00eancia nacional em seguran\u00e7a patrimonial, reconhecidos pela excel\u00eancia em nossos produtos e servi\u00e7os, pela inova\u00e7\u00e3o constante e pelo atendimento personalizado. Buscamos constantemente antecipar e superar as necessidades dos nossos clientes, contribuindo para um ambiente mais seguro e protegido.<\/p>\t\t\t\t\t\t<\/div>\n\t\t\t\t<\/div>\n\t\t\t\t\t<\/div>\n\t\t<\/div>\n\t\t\t\t\t\t\t<\/div>\n\t\t<\/section>\n\t\t\t\t<section class=\"elementor-section elementor-inner-section elementor-element elementor-element-efad23a elementor-section-boxed elementor-section-height-default elementor-section-height-default\" data-id=\"efad23a\" data-element_type=\"section\">\n\t\t\t\t\t\t<div class=\"elementor-container elementor-column-gap-default\">\n\t\t\t\t\t<div class=\"elementor-column elementor-col-100 elementor-inner-column elementor-element elementor-element-a181eb6\" data-id=\"a181eb6\" data-element_type=\"column\" data-settings=\"{&quot;background_background&quot;:&quot;classic&quot;}\">\n\t\t\t<div class=\"elementor-widget-wrap elementor-element-populated\">\n\t\t\t\t\t\t\t\t<div class=\"elementor-element elementor-element-9b75fda elementor-view-default elementor-widget elementor-widget-icon\" data-id=\"9b75fda\" data-element_type=\"widget\" data-widget_type=\"icon.default\">\n\t\t\t\t<div class=\"elementor-widget-container\">\n\t\t\t\t\t<div class=\"elementor-icon-wrapper\">\n\t\t\t<div class=\"elementor-icon\">\n\t\t\t<i aria-hidden=\"true\" class=\"fas fa-hands-helping\"><\/i>\t\t\t<\/div>\n\t\t<\/div>\n\t\t\t\t<\/div>\n\t\t\t\t<\/div>\n\t\t\t\t<div class=\"elementor-element elementor-element-e82043a elementor-widget elementor-widget-heading\" data-id=\"e82043a\" data-element_type=\"widget\" data-widget_type=\"heading.default\">\n\t\t\t\t<div class=\"elementor-widget-container\">\n\t\t\t<h2 class=\"elementor-heading-title elementor-size-default\">Valores<\/h2>\t\t<\/div>\n\t\t\t\t<\/div>\n\t\t\t\t<div class=\"elementor-element elementor-element-4d89327 elementor-widget elementor-widget-text-editor\" data-id=\"4d89327\" data-element_type=\"widget\" data-widget_type=\"text-editor.default\">\n\t\t\t\t<div class=\"elementor-widget-container\">\n\t\t\t\t\t\t\t<p><strong>Confian\u00e7a:<\/strong> Constru\u00edmos relacionamentos duradouros com nossos clientes atrav\u00e9s de transpar\u00eancia e integridade.<\/p><p><strong>Inova\u00e7\u00e3o:<\/strong> Estamos sempre \u00e0 frente, incorporando as tecnologias mais avan\u00e7adas para oferecer solu\u00e7\u00f5es eficazes.<\/p><p><strong>Qualidade:<\/strong> Comprometemo-nos com a excel\u00eancia em cada detalhe, garantindo a m\u00e1xima efici\u00eancia e durabilidade dos nossos sistemas.<\/p><p><strong>Responsabilidade:<\/strong> Atuamos com respeito e compromisso com a seguran\u00e7a de nossos clientes, promovendo um ambiente de trabalho seguro e sustent\u00e1vel.<\/p>\t\t\t\t\t\t<\/div>\n\t\t\t\t<\/div>\n\t\t\t\t\t<\/div>\n\t\t<\/div>\n\t\t\t\t\t\t\t<\/div>\n\t\t<\/section>\n\t\t\t\t\t<\/div>\n\t\t<\/div>\n\t\t\t\t\t\t\t<\/div>\n\t\t<\/section>\n\t\t\t\t\t\t\t<\/div>\n\t\t","protected":false},"excerpt":{"rendered":"<p>Iso seg N\u00f3s da ISO SEG atuamos no ramo de seguran\u00e7a desde 1998. Contamos com um portf\u00f3lio de servi\u00e7os que inclui sistema de seguran\u00e7a por meio de c\u00e2meras de monitoramento, alarmes, cerca el\u00e9tricas, controle de acesso e port\u00e3o autom\u00e1tico para resid\u00eancias, com\u00e9rcios e empresas de grande, m\u00e9dio e pequeno porte. Por\u00e9m, nossos servi\u00e7os no setor [&hellip;]<\/p>\n","protected":false},"author":1,"featured_media":0,"parent":0,"menu_order":0,"comment_status":"closed","ping_status":"closed","template":"","meta":{"footnotes":""},"class_list":["post-172","page","type-page","status-publish","hentry"],"_links":{"self":[{"href":"https:\/\/isoseg.com.br\/sistemas\/wp-json\/wp\/v2\/pages\/172"}],"collection":[{"href":"https:\/\/isoseg.com.br\/sistemas\/wp-json\/wp\/v2\/pages"}],"about":[{"href":"https:\/\/isoseg.com.br\/sistemas\/wp-json\/wp\/v2\/types\/page"}],"author":[{"embeddable":true,"href":"https:\/\/isoseg.com.br\/sistemas\/wp-json\/wp\/v2\/users\/1"}],"replies":[{"embeddable":true,"href":"https:\/\/isoseg.com.br\/sistemas\/wp-json\/wp\/v2\/comments?post=172"}],"version-history":[{"count":130,"href":"https:\/\/isoseg.com.br\/sistemas\/wp-json\/wp\/v2\/pages\/172\/revisions"}],"predecessor-version":[{"id":1981,"href":"https:\/\/isoseg.com.br\/sistemas\/wp-json\/wp\/v2\/pages\/172\/revisions\/1981"}],"wp:attachment":[{"href":"https:\/\/isoseg.com.br\/sistemas\/wp-json\/wp\/v2\/media?parent=172"}],"curies":[{"name":"wp","href":"https:\/\/api.w.org\/{rel}","templated":true}]}}